{"id":378,"date":"2022-02-15T14:38:59","date_gmt":"2022-02-15T14:38:59","guid":{"rendered":"https:\/\/odeon.ms.decms.eu\/nos-chambres\/"},"modified":"2024-03-12T08:33:33","modified_gmt":"2024-03-12T08:33:33","slug":"unsere-zimmer","status":"publish","type":"page","link":"https:\/\/www.hotelparisodeonsaintgermain.com\/de\/unsere-zimmer\/","title":{"rendered":"Unsere Zimmer"},"content":{"rendered":"<p style=\"text-align: center\">Unsere Zimmer sind voll <strong>klimatisiert, schallisoliert und kostenfreies Wifi<\/strong>. Sie k\u00f6nnen von einem bis<strong> 3 Personen<\/strong> aufnehmen und sogar bis zu<strong> 6 Personen f\u00fcr unsere Familienzimmern<\/strong>.<\/p>\n<p style=\"text-align: center\">Ihre gepolsterten T\u00fcren haben ihre Zahlen, die in goldenen nannten Zahlen eingeschrieben sind.<br \/>\nVier Farbharmonien. Eine Palette von Prune, Graue Beige, goldener Ocker und Orange.<br \/>\nSchimmernde Vorh\u00e4nge in Wildseide.<br \/>\nFrische der Borderef, gestreiften wei\u00dfen Bl\u00e4tter.<\/p>\n<p style=\"text-align: center\">Unsere Badezimmer bieten <strong>Badewannen oder Duschen<\/strong>, sch\u00f6ne Fliesen in geschnitztem Glas.<br \/>\nKaffee-Bronze, Ocker-Karamell und brillantes graues Kitt.<br \/>\nWei\u00dfes Waschbecken mit schwarzem Simbabwe-Granit umkreist.<br \/>\nL&#8216;<strong>occitane<\/strong> Beauty-Produkte, H\u00f6flichkeitspiegel und Haartrockner<br \/>\nDas Zimmer <strong>Nr. 39 bietet sogar ein privates Hammam<\/strong>, eine separate Dusche und Badewanne.<\/p>\n<p style=\"text-align: center\">Alles, was Sie tun m\u00fcssen, ist Ihre Wahl zu treffen<\/p>\n","protected":false},"excerpt":{"rendered":"<p>Unsere Zimmer sind voll klimatisiert, schallisoliert und kostenfreies Wifi. Sie k\u00f6nnen von einem bis 3 Personen aufnehmen und sogar bis zu 6 Personen f\u00fcr unsere Familienzimmern. Ihre gepolsterten T\u00fcren haben ihre Zahlen, die in goldenen nannten Zahlen eingeschrieben sind. Vier Farbharmonien. Eine Palette von Prune, Graue Beige, goldener Ocker und Orange. Schimmernde Vorh\u00e4nge in Wildseide. [&hellip;]<\/p>\n","protected":false},"author":46,"featured_media":0,"parent":0,"menu_order":20,"comment_status":"closed","ping_status":"closed","template":"template-rooms.php","meta":{"footnotes":""},"class_list":["post-378","page","type-page","status-publish","hentry"],"yoast_head":"<!-- This site is optimized with the Yoast SEO plugin v26.9 - https:\/\/yoast.com\/product\/yoast-seo-wordpress\/ -->\n<title>Hotel Odeon Saint Germain Paris **** Offizielle Website - Unsere Zimmer<\/title>\n<meta name=\"description\" content=\"Entdecken Sie unsere Zimmer, die von 1 bis 6 Personen (Familienzimmer) aufnehmen k\u00f6nnen. Klimatisiert, schallisoliert, WLAN-Zugang, Occitane-Produkte, Dusche, Badewanne oder Hammam.\" \/>\n<meta name=\"robots\" content=\"index, follow, max-snippet:-1, max-image-preview:large, max-video-preview:-1\" \/>\n<link rel=\"canonical\" href=\"https:\/\/www.hotelparisodeonsaintgermain.com\/de\/unsere-zimmer\/\" \/>\n<meta property=\"og:locale\" content=\"de_DE\" \/>\n<meta property=\"og:type\" content=\"article\" \/>\n<meta property=\"og:title\" content=\"Hotel Odeon Saint Germain Paris **** Offizielle Website - Unsere Zimmer\" \/>\n<meta property=\"og:description\" content=\"Entdecken Sie unsere Zimmer, die von 1 bis 6 Personen (Familienzimmer) aufnehmen k\u00f6nnen. Klimatisiert, schallisoliert, WLAN-Zugang, Occitane-Produkte, Dusche, Badewanne oder Hammam.\" \/>\n<meta property=\"og:url\" content=\"https:\/\/www.hotelparisodeonsaintgermain.com\/de\/unsere-zimmer\/\" \/>\n<meta property=\"og:site_name\" content=\"Hotel Odeon Saint Germain\" \/>\n<meta property=\"article:modified_time\" content=\"2024-03-12T08:33:33+00:00\" \/>\n<meta name=\"twitter:card\" content=\"summary_large_image\" \/>\n<meta name=\"twitter:label1\" content=\"Gesch\u00e4tzte Lesezeit\" \/>\n\t<meta name=\"twitter:data1\" content=\"1 Minute\" \/>\n<script type=\"application\/ld+json\" class=\"yoast-schema-graph\">{\"@context\":\"https:\/\/schema.org\",\"@graph\":[{\"@type\":\"WebPage\",\"@id\":\"https:\/\/www.hotelparisodeonsaintgermain.com\/de\/unsere-zimmer\/\",\"url\":\"https:\/\/www.hotelparisodeonsaintgermain.com\/de\/unsere-zimmer\/\",\"name\":\"Hotel Odeon Saint Germain Paris **** Offizielle Website - Unsere Zimmer\",\"isPartOf\":{\"@id\":\"https:\/\/www.hotelparisodeonsaintgermain.com\/de\/#website\"},\"datePublished\":\"2022-02-15T14:38:59+00:00\",\"dateModified\":\"2024-03-12T08:33:33+00:00\",\"description\":\"Entdecken Sie unsere Zimmer, die von 1 bis 6 Personen (Familienzimmer) aufnehmen k\u00f6nnen. Klimatisiert, schallisoliert, WLAN-Zugang, Occitane-Produkte, Dusche, Badewanne oder Hammam.\",\"breadcrumb\":{\"@id\":\"https:\/\/www.hotelparisodeonsaintgermain.com\/de\/unsere-zimmer\/#breadcrumb\"},\"inLanguage\":\"de-DE\",\"potentialAction\":[{\"@type\":\"ReadAction\",\"target\":[\"https:\/\/www.hotelparisodeonsaintgermain.com\/de\/unsere-zimmer\/\"]}]},{\"@type\":\"BreadcrumbList\",\"@id\":\"https:\/\/www.hotelparisodeonsaintgermain.com\/de\/unsere-zimmer\/#breadcrumb\",\"itemListElement\":[{\"@type\":\"ListItem\",\"position\":1,\"name\":\"Home\",\"item\":\"https:\/\/www.hotelparisodeonsaintgermain.com\/de\/\"},{\"@type\":\"ListItem\",\"position\":2,\"name\":\"Unsere Zimmer\"}]},{\"@type\":\"WebSite\",\"@id\":\"https:\/\/www.hotelparisodeonsaintgermain.com\/de\/#website\",\"url\":\"https:\/\/www.hotelparisodeonsaintgermain.com\/de\/\",\"name\":\"Hotel Odeon Saint Germain\",\"description\":\"\",\"potentialAction\":[{\"@type\":\"SearchAction\",\"target\":{\"@type\":\"EntryPoint\",\"urlTemplate\":\"https:\/\/www.hotelparisodeonsaintgermain.com\/de\/?s={search_term_string}\"},\"query-input\":{\"@type\":\"PropertyValueSpecification\",\"valueRequired\":true,\"valueName\":\"search_term_string\"}}],\"inLanguage\":\"de-DE\"}]}<\/script>\n<!-- \/ Yoast SEO plugin. -->","yoast_head_json":{"title":"Hotel Odeon Saint Germain Paris **** Offizielle Website - Unsere Zimmer","description":"Entdecken Sie unsere Zimmer, die von 1 bis 6 Personen (Familienzimmer) aufnehmen k\u00f6nnen. Klimatisiert, schallisoliert, WLAN-Zugang, Occitane-Produkte, Dusche, Badewanne oder Hammam.","robots":{"index":"index","follow":"follow","max-snippet":"max-snippet:-1","max-image-preview":"max-image-preview:large","max-video-preview":"max-video-preview:-1"},"canonical":"https:\/\/www.hotelparisodeonsaintgermain.com\/de\/unsere-zimmer\/","og_locale":"de_DE","og_type":"article","og_title":"Hotel Odeon Saint Germain Paris **** Offizielle Website - Unsere Zimmer","og_description":"Entdecken Sie unsere Zimmer, die von 1 bis 6 Personen (Familienzimmer) aufnehmen k\u00f6nnen. Klimatisiert, schallisoliert, WLAN-Zugang, Occitane-Produkte, Dusche, Badewanne oder Hammam.","og_url":"https:\/\/www.hotelparisodeonsaintgermain.com\/de\/unsere-zimmer\/","og_site_name":"Hotel Odeon Saint Germain","article_modified_time":"2024-03-12T08:33:33+00:00","twitter_card":"summary_large_image","twitter_misc":{"Gesch\u00e4tzte Lesezeit":"1 Minute"},"schema":{"@context":"https:\/\/schema.org","@graph":[{"@type":"WebPage","@id":"https:\/\/www.hotelparisodeonsaintgermain.com\/de\/unsere-zimmer\/","url":"https:\/\/www.hotelparisodeonsaintgermain.com\/de\/unsere-zimmer\/","name":"Hotel Odeon Saint Germain Paris **** Offizielle Website - Unsere Zimmer","isPartOf":{"@id":"https:\/\/www.hotelparisodeonsaintgermain.com\/de\/#website"},"datePublished":"2022-02-15T14:38:59+00:00","dateModified":"2024-03-12T08:33:33+00:00","description":"Entdecken Sie unsere Zimmer, die von 1 bis 6 Personen (Familienzimmer) aufnehmen k\u00f6nnen. Klimatisiert, schallisoliert, WLAN-Zugang, Occitane-Produkte, Dusche, Badewanne oder Hammam.","breadcrumb":{"@id":"https:\/\/www.hotelparisodeonsaintgermain.com\/de\/unsere-zimmer\/#breadcrumb"},"inLanguage":"de-DE","potentialAction":[{"@type":"ReadAction","target":["https:\/\/www.hotelparisodeonsaintgermain.com\/de\/unsere-zimmer\/"]}]},{"@type":"BreadcrumbList","@id":"https:\/\/www.hotelparisodeonsaintgermain.com\/de\/unsere-zimmer\/#breadcrumb","itemListElement":[{"@type":"ListItem","position":1,"name":"Home","item":"https:\/\/www.hotelparisodeonsaintgermain.com\/de\/"},{"@type":"ListItem","position":2,"name":"Unsere Zimmer"}]},{"@type":"WebSite","@id":"https:\/\/www.hotelparisodeonsaintgermain.com\/de\/#website","url":"https:\/\/www.hotelparisodeonsaintgermain.com\/de\/","name":"Hotel Odeon Saint Germain","description":"","potentialAction":[{"@type":"SearchAction","target":{"@type":"EntryPoint","urlTemplate":"https:\/\/www.hotelparisodeonsaintgermain.com\/de\/?s={search_term_string}"},"query-input":{"@type":"PropertyValueSpecification","valueRequired":true,"valueName":"search_term_string"}}],"inLanguage":"de-DE"}]}},"acf":[],"_links":{"self":[{"href":"https:\/\/www.hotelparisodeonsaintgermain.com\/de\/wp-json\/wp\/v2\/pages\/378","targetHints":{"allow":["GET"]}}],"collection":[{"href":"https:\/\/www.hotelparisodeonsaintgermain.com\/de\/wp-json\/wp\/v2\/pages"}],"about":[{"href":"https:\/\/www.hotelparisodeonsaintgermain.com\/de\/wp-json\/wp\/v2\/types\/page"}],"author":[{"embeddable":true,"href":"https:\/\/www.hotelparisodeonsaintgermain.com\/de\/wp-json\/wp\/v2\/users\/46"}],"replies":[{"embeddable":true,"href":"https:\/\/www.hotelparisodeonsaintgermain.com\/de\/wp-json\/wp\/v2\/comments?post=378"}],"version-history":[{"count":0,"href":"https:\/\/www.hotelparisodeonsaintgermain.com\/de\/wp-json\/wp\/v2\/pages\/378\/revisions"}],"wp:attachment":[{"href":"https:\/\/www.hotelparisodeonsaintgermain.com\/de\/wp-json\/wp\/v2\/media?parent=378"}],"curies":[{"name":"wp","href":"https:\/\/api.w.org\/{rel}","templated":true}]}}