{"id":380,"date":"2022-02-14T16:25:32","date_gmt":"2022-02-14T16:25:32","guid":{"rendered":"https:\/\/odeon.ms.decms.eu\/sample-page\/"},"modified":"2025-11-04T10:54:22","modified_gmt":"2025-11-04T10:54:22","slug":"sample-page","status":"publish","type":"page","link":"https:\/\/www.hotelparisodeonsaintgermain.com\/de\/","title":{"rendered":"Hotel Odeon Saint Germain"},"content":{"rendered":"<p style=\"text-align: center\">Es ist <strong>hier<\/strong>, auf Nummer 13 der Rue Saint Sulpice, dass das Geb\u00e4ude, das das Hotel beherbergt, erstmals zwischen der Rue de Cond\u00e9 und der Rue de Tournon errichtet wurde. Unser weltber\u00fchmter <strong>Dekorateur Jacques Garcia renovierte das Hotel im Jahr 2024 vollst\u00e4ndig<\/strong>, versetzte es in die Vergangenheit, pr\u00e4sentierte stolz seine originalen wei\u00dfen Balken und sichtbaren Bruchstein, <strong>Verfeinerung von Materialien und Farben<\/strong>, Perfektion der Details. Das Hotel Odeon Saint Germain ist f\u00fcr diejenigen, <strong>die eine wahre Pariser Seele suchen.<\/strong><\/p>\n<p style=\"text-align: center\">Neben der <strong>Kirche Saint Sulpice<\/strong>, ihrem charmanten Platz und dem <strong>Boulevard Saint Germain<\/strong> profitiert das Hotel von einer au\u00dfergew\u00f6hnlichen Lage, <strong>um Paris zu genie\u00dfen<\/strong>. <strong>Prestigetr\u00e4chtige Modenboutiquen<\/strong>, <strong>Restaurants<\/strong>, Kinos, Odeon- und Vieux Colombier-Theater. Ein Spaziergang im <strong>Luxemburger Garten<\/strong>. Ein Spaziergang entlang der Seine.<\/p>\n<p style=\"text-align: center\"><strong>Paris liegt vor der Haust\u00fcr.<\/strong><\/p>\n","protected":false},"excerpt":{"rendered":"<p>Es ist hier, auf Nummer 13 der Rue Saint Sulpice, dass das Geb\u00e4ude, das das Hotel beherbergt, erstmals zwischen der Rue de Cond\u00e9 und der Rue de Tournon errichtet wurde. Unser weltber\u00fchmter Dekorateur Jacques Garcia renovierte das Hotel im Jahr 2024 vollst\u00e4ndig, versetzte es in die Vergangenheit, pr\u00e4sentierte stolz seine originalen wei\u00dfen Balken und sichtbaren [&hellip;]<\/p>\n","protected":false},"author":46,"featured_media":0,"parent":0,"menu_order":10,"comment_status":"closed","ping_status":"closed","template":"","meta":{"footnotes":""},"class_list":["post-380","page","type-page","status-publish","hentry"],"yoast_head":"<!-- This site is optimized with the Yoast SEO plugin v26.9 - https:\/\/yoast.com\/product\/yoast-seo-wordpress\/ -->\n<title>Hotel Odeon Saint Germain Paris **** Offizielle Website - beste Preise<\/title>\n<meta name=\"description\" content=\"Entdecken Sie das Hotel Odeon Saint Germain, ein Juwel renoviert von Jacques Garcia 2024, mit originalen wei\u00dfen Balken und sichtbarem Stein. Ideale Lage in der N\u00e4he von Saint Sulpice und Saint Germain des Pr\u00e9s, mit kostenlosem WLAN und Klimaanlage. Jetzt buchen f\u00fcr einen Aufenthalt voller Raffinesse und Authentizit\u00e4t!\" \/>\n<meta name=\"robots\" content=\"index, follow, max-snippet:-1, max-image-preview:large, max-video-preview:-1\" \/>\n<link rel=\"canonical\" href=\"https:\/\/www.hotelparisodeonsaintgermain.com\/de\/\" \/>\n<meta property=\"og:locale\" content=\"de_DE\" \/>\n<meta property=\"og:type\" content=\"article\" \/>\n<meta property=\"og:title\" content=\"Hotel Odeon Saint Germain Paris **** Offizielle Website - beste Preise\" \/>\n<meta property=\"og:description\" content=\"Entdecken Sie das Hotel Odeon Saint Germain, ein Juwel renoviert von Jacques Garcia 2024, mit originalen wei\u00dfen Balken und sichtbarem Stein. Ideale Lage in der N\u00e4he von Saint Sulpice und Saint Germain des Pr\u00e9s, mit kostenlosem WLAN und Klimaanlage. Jetzt buchen f\u00fcr einen Aufenthalt voller Raffinesse und Authentizit\u00e4t!\" \/>\n<meta property=\"og:url\" content=\"https:\/\/www.hotelparisodeonsaintgermain.com\/de\/\" \/>\n<meta property=\"og:site_name\" content=\"Hotel Odeon Saint Germain\" \/>\n<meta property=\"article:modified_time\" content=\"2025-11-04T10:54:22+00:00\" \/>\n<meta name=\"twitter:card\" content=\"summary_large_image\" \/>\n<meta name=\"twitter:label1\" content=\"Gesch\u00e4tzte Lesezeit\" \/>\n\t<meta name=\"twitter:data1\" content=\"1 Minute\" \/>\n<script type=\"application\/ld+json\" class=\"yoast-schema-graph\">{\"@context\":\"https:\/\/schema.org\",\"@graph\":[{\"@type\":\"WebPage\",\"@id\":\"https:\/\/www.hotelparisodeonsaintgermain.com\/de\/\",\"url\":\"https:\/\/www.hotelparisodeonsaintgermain.com\/de\/\",\"name\":\"Hotel Odeon Saint Germain Paris **** Offizielle Website - beste Preise\",\"isPartOf\":{\"@id\":\"https:\/\/www.hotelparisodeonsaintgermain.com\/de\/#website\"},\"datePublished\":\"2022-02-14T16:25:32+00:00\",\"dateModified\":\"2025-11-04T10:54:22+00:00\",\"description\":\"Entdecken Sie das Hotel Odeon Saint Germain, ein Juwel renoviert von Jacques Garcia 2024, mit originalen wei\u00dfen Balken und sichtbarem Stein. Ideale Lage in der N\u00e4he von Saint Sulpice und Saint Germain des Pr\u00e9s, mit kostenlosem WLAN und Klimaanlage. Jetzt buchen f\u00fcr einen Aufenthalt voller Raffinesse und Authentizit\u00e4t!\",\"breadcrumb\":{\"@id\":\"https:\/\/www.hotelparisodeonsaintgermain.com\/de\/#breadcrumb\"},\"inLanguage\":\"de-DE\",\"potentialAction\":[{\"@type\":\"ReadAction\",\"target\":[\"https:\/\/www.hotelparisodeonsaintgermain.com\/de\/\"]}]},{\"@type\":\"BreadcrumbList\",\"@id\":\"https:\/\/www.hotelparisodeonsaintgermain.com\/de\/#breadcrumb\",\"itemListElement\":[{\"@type\":\"ListItem\",\"position\":1,\"name\":\"Home\",\"item\":\"https:\/\/www.hotelparisodeonsaintgermain.com\/de\/\"},{\"@type\":\"ListItem\",\"position\":2,\"name\":\"Hotel Odeon Saint Germain\"}]},{\"@type\":\"WebSite\",\"@id\":\"https:\/\/www.hotelparisodeonsaintgermain.com\/de\/#website\",\"url\":\"https:\/\/www.hotelparisodeonsaintgermain.com\/de\/\",\"name\":\"Hotel Odeon Saint Germain\",\"description\":\"\",\"potentialAction\":[{\"@type\":\"SearchAction\",\"target\":{\"@type\":\"EntryPoint\",\"urlTemplate\":\"https:\/\/www.hotelparisodeonsaintgermain.com\/de\/?s={search_term_string}\"},\"query-input\":{\"@type\":\"PropertyValueSpecification\",\"valueRequired\":true,\"valueName\":\"search_term_string\"}}],\"inLanguage\":\"de-DE\"}]}<\/script>\n<!-- \/ Yoast SEO plugin. -->","yoast_head_json":{"title":"Hotel Odeon Saint Germain Paris **** Offizielle Website - beste Preise","description":"Entdecken Sie das Hotel Odeon Saint Germain, ein Juwel renoviert von Jacques Garcia 2024, mit originalen wei\u00dfen Balken und sichtbarem Stein. Ideale Lage in der N\u00e4he von Saint Sulpice und Saint Germain des Pr\u00e9s, mit kostenlosem WLAN und Klimaanlage. Jetzt buchen f\u00fcr einen Aufenthalt voller Raffinesse und Authentizit\u00e4t!","robots":{"index":"index","follow":"follow","max-snippet":"max-snippet:-1","max-image-preview":"max-image-preview:large","max-video-preview":"max-video-preview:-1"},"canonical":"https:\/\/www.hotelparisodeonsaintgermain.com\/de\/","og_locale":"de_DE","og_type":"article","og_title":"Hotel Odeon Saint Germain Paris **** Offizielle Website - beste Preise","og_description":"Entdecken Sie das Hotel Odeon Saint Germain, ein Juwel renoviert von Jacques Garcia 2024, mit originalen wei\u00dfen Balken und sichtbarem Stein. Ideale Lage in der N\u00e4he von Saint Sulpice und Saint Germain des Pr\u00e9s, mit kostenlosem WLAN und Klimaanlage. Jetzt buchen f\u00fcr einen Aufenthalt voller Raffinesse und Authentizit\u00e4t!","og_url":"https:\/\/www.hotelparisodeonsaintgermain.com\/de\/","og_site_name":"Hotel Odeon Saint Germain","article_modified_time":"2025-11-04T10:54:22+00:00","twitter_card":"summary_large_image","twitter_misc":{"Gesch\u00e4tzte Lesezeit":"1 Minute"},"schema":{"@context":"https:\/\/schema.org","@graph":[{"@type":"WebPage","@id":"https:\/\/www.hotelparisodeonsaintgermain.com\/de\/","url":"https:\/\/www.hotelparisodeonsaintgermain.com\/de\/","name":"Hotel Odeon Saint Germain Paris **** Offizielle Website - beste Preise","isPartOf":{"@id":"https:\/\/www.hotelparisodeonsaintgermain.com\/de\/#website"},"datePublished":"2022-02-14T16:25:32+00:00","dateModified":"2025-11-04T10:54:22+00:00","description":"Entdecken Sie das Hotel Odeon Saint Germain, ein Juwel renoviert von Jacques Garcia 2024, mit originalen wei\u00dfen Balken und sichtbarem Stein. Ideale Lage in der N\u00e4he von Saint Sulpice und Saint Germain des Pr\u00e9s, mit kostenlosem WLAN und Klimaanlage. Jetzt buchen f\u00fcr einen Aufenthalt voller Raffinesse und Authentizit\u00e4t!","breadcrumb":{"@id":"https:\/\/www.hotelparisodeonsaintgermain.com\/de\/#breadcrumb"},"inLanguage":"de-DE","potentialAction":[{"@type":"ReadAction","target":["https:\/\/www.hotelparisodeonsaintgermain.com\/de\/"]}]},{"@type":"BreadcrumbList","@id":"https:\/\/www.hotelparisodeonsaintgermain.com\/de\/#breadcrumb","itemListElement":[{"@type":"ListItem","position":1,"name":"Home","item":"https:\/\/www.hotelparisodeonsaintgermain.com\/de\/"},{"@type":"ListItem","position":2,"name":"Hotel Odeon Saint Germain"}]},{"@type":"WebSite","@id":"https:\/\/www.hotelparisodeonsaintgermain.com\/de\/#website","url":"https:\/\/www.hotelparisodeonsaintgermain.com\/de\/","name":"Hotel Odeon Saint Germain","description":"","potentialAction":[{"@type":"SearchAction","target":{"@type":"EntryPoint","urlTemplate":"https:\/\/www.hotelparisodeonsaintgermain.com\/de\/?s={search_term_string}"},"query-input":{"@type":"PropertyValueSpecification","valueRequired":true,"valueName":"search_term_string"}}],"inLanguage":"de-DE"}]}},"acf":[],"_links":{"self":[{"href":"https:\/\/www.hotelparisodeonsaintgermain.com\/de\/wp-json\/wp\/v2\/pages\/380","targetHints":{"allow":["GET"]}}],"collection":[{"href":"https:\/\/www.hotelparisodeonsaintgermain.com\/de\/wp-json\/wp\/v2\/pages"}],"about":[{"href":"https:\/\/www.hotelparisodeonsaintgermain.com\/de\/wp-json\/wp\/v2\/types\/page"}],"author":[{"embeddable":true,"href":"https:\/\/www.hotelparisodeonsaintgermain.com\/de\/wp-json\/wp\/v2\/users\/46"}],"replies":[{"embeddable":true,"href":"https:\/\/www.hotelparisodeonsaintgermain.com\/de\/wp-json\/wp\/v2\/comments?post=380"}],"version-history":[{"count":0,"href":"https:\/\/www.hotelparisodeonsaintgermain.com\/de\/wp-json\/wp\/v2\/pages\/380\/revisions"}],"wp:attachment":[{"href":"https:\/\/www.hotelparisodeonsaintgermain.com\/de\/wp-json\/wp\/v2\/media?parent=380"}],"curies":[{"name":"wp","href":"https:\/\/api.w.org\/{rel}","templated":true}]}}