{"id":382,"date":"2022-02-15T14:58:43","date_gmt":"2022-02-15T14:58:43","guid":{"rendered":"https:\/\/odeon.ms.decms.eu\/nos-chambres\/chambre-double-classique\/"},"modified":"2025-11-04T10:14:03","modified_gmt":"2025-11-04T10:14:03","slug":"klassisches-doppelzimmer","status":"publish","type":"page","link":"https:\/\/www.hotelparisodeonsaintgermain.com\/de\/unsere-zimmer\/klassisches-doppelzimmer\/","title":{"rendered":"Klassisches Doppelzimmer"},"content":{"rendered":"<p style=\"text-align: center\">Diese malerischen <strong>klassischen<\/strong> Zimmer mit charmanten architektonischen Elementen verf\u00fcgen \u00fcber ein <strong>elegantes und warmes Dekor<\/strong> mit antiken M\u00f6beln, <strong>Seidenvorh\u00e4ngen und sehr bequemen Betten<\/strong>. Unsere privaten Badezimmer mit Marmoroberfl\u00e4chen und Retro-Stilelementen sind angenehm und elegant. Genie\u00dfen Sie L&#8216;<strong>Occitane<\/strong> Beauty-Produkte.<\/p>\n<p style=\"text-align: center\">Unsere klassischen Zimmer sind sehr ruhig, gelegen zu einem Innenhof, erreichbar nach ein paar Stufen und dann mit dem Aufzug.<\/p>\n","protected":false},"excerpt":{"rendered":"<p>Diese malerischen klassischen Zimmer mit charmanten architektonischen Elementen verf\u00fcgen \u00fcber ein elegantes und warmes Dekor mit antiken M\u00f6beln, Seidenvorh\u00e4ngen und sehr bequemen Betten. Unsere privaten Badezimmer mit Marmoroberfl\u00e4chen und Retro-Stilelementen sind angenehm und elegant. Genie\u00dfen Sie L&#8216;Occitane Beauty-Produkte. Unsere klassischen Zimmer sind sehr ruhig, gelegen zu einem Innenhof, erreichbar nach ein paar Stufen und dann [&hellip;]<\/p>\n","protected":false},"author":46,"featured_media":0,"parent":378,"menu_order":220,"comment_status":"closed","ping_status":"closed","template":"template-single-room.php","meta":{"footnotes":""},"class_list":["post-382","page","type-page","status-publish","hentry"],"yoast_head":"<!-- This site is optimized with the Yoast SEO plugin v26.9 - https:\/\/yoast.com\/product\/yoast-seo-wordpress\/ -->\n<title>Hotel Odeon Saint Germain Paris **** Offizielle Website - Klassisches Doppelzimmer<\/title>\n<meta name=\"description\" content=\"Entdecken Sie unsere klassischen Doppelzimmern mit Platz f\u00fcr bis zu 2 Personen. Klimatisiert, schallisoliert, WLAN, L&#039;Occitane-Produkte, Dusche\" \/>\n<meta name=\"robots\" content=\"index, follow, max-snippet:-1, max-image-preview:large, max-video-preview:-1\" \/>\n<link rel=\"canonical\" href=\"https:\/\/www.hotelparisodeonsaintgermain.com\/de\/unsere-zimmer\/klassisches-doppelzimmer\/\" \/>\n<meta property=\"og:locale\" content=\"de_DE\" \/>\n<meta property=\"og:type\" content=\"article\" \/>\n<meta property=\"og:title\" content=\"Hotel Odeon Saint Germain Paris **** Offizielle Website - Klassisches Doppelzimmer\" \/>\n<meta property=\"og:description\" content=\"Entdecken Sie unsere klassischen Doppelzimmern mit Platz f\u00fcr bis zu 2 Personen. Klimatisiert, schallisoliert, WLAN, L&#039;Occitane-Produkte, Dusche\" \/>\n<meta property=\"og:url\" content=\"https:\/\/www.hotelparisodeonsaintgermain.com\/de\/unsere-zimmer\/klassisches-doppelzimmer\/\" \/>\n<meta property=\"og:site_name\" content=\"Hotel Odeon Saint Germain\" \/>\n<meta property=\"article:modified_time\" content=\"2025-11-04T10:14:03+00:00\" \/>\n<meta name=\"twitter:card\" content=\"summary_large_image\" \/>\n<meta name=\"twitter:label1\" content=\"Gesch\u00e4tzte Lesezeit\" \/>\n\t<meta name=\"twitter:data1\" content=\"1 Minute\" \/>\n<script type=\"application\/ld+json\" class=\"yoast-schema-graph\">{\"@context\":\"https:\/\/schema.org\",\"@graph\":[{\"@type\":\"WebPage\",\"@id\":\"https:\/\/www.hotelparisodeonsaintgermain.com\/de\/unsere-zimmer\/klassisches-doppelzimmer\/\",\"url\":\"https:\/\/www.hotelparisodeonsaintgermain.com\/de\/unsere-zimmer\/klassisches-doppelzimmer\/\",\"name\":\"Hotel Odeon Saint Germain Paris **** Offizielle Website - Klassisches Doppelzimmer\",\"isPartOf\":{\"@id\":\"https:\/\/www.hotelparisodeonsaintgermain.com\/de\/#website\"},\"datePublished\":\"2022-02-15T14:58:43+00:00\",\"dateModified\":\"2025-11-04T10:14:03+00:00\",\"description\":\"Entdecken Sie unsere klassischen Doppelzimmern mit Platz f\u00fcr bis zu 2 Personen. Klimatisiert, schallisoliert, WLAN, L'Occitane-Produkte, Dusche\",\"breadcrumb\":{\"@id\":\"https:\/\/www.hotelparisodeonsaintgermain.com\/de\/unsere-zimmer\/klassisches-doppelzimmer\/#breadcrumb\"},\"inLanguage\":\"de-DE\",\"potentialAction\":[{\"@type\":\"ReadAction\",\"target\":[\"https:\/\/www.hotelparisodeonsaintgermain.com\/de\/unsere-zimmer\/klassisches-doppelzimmer\/\"]}]},{\"@type\":\"BreadcrumbList\",\"@id\":\"https:\/\/www.hotelparisodeonsaintgermain.com\/de\/unsere-zimmer\/klassisches-doppelzimmer\/#breadcrumb\",\"itemListElement\":[{\"@type\":\"ListItem\",\"position\":1,\"name\":\"Home\",\"item\":\"https:\/\/www.hotelparisodeonsaintgermain.com\/de\/\"},{\"@type\":\"ListItem\",\"position\":2,\"name\":\"Unsere Zimmer\",\"item\":\"https:\/\/www.hotelparisodeonsaintgermain.com\/de\/unsere-zimmer\/\"},{\"@type\":\"ListItem\",\"position\":3,\"name\":\"Klassisches Doppelzimmer\"}]},{\"@type\":\"WebSite\",\"@id\":\"https:\/\/www.hotelparisodeonsaintgermain.com\/de\/#website\",\"url\":\"https:\/\/www.hotelparisodeonsaintgermain.com\/de\/\",\"name\":\"Hotel Odeon Saint Germain\",\"description\":\"\",\"potentialAction\":[{\"@type\":\"SearchAction\",\"target\":{\"@type\":\"EntryPoint\",\"urlTemplate\":\"https:\/\/www.hotelparisodeonsaintgermain.com\/de\/?s={search_term_string}\"},\"query-input\":{\"@type\":\"PropertyValueSpecification\",\"valueRequired\":true,\"valueName\":\"search_term_string\"}}],\"inLanguage\":\"de-DE\"}]}<\/script>\n<!-- \/ Yoast SEO plugin. -->","yoast_head_json":{"title":"Hotel Odeon Saint Germain Paris **** Offizielle Website - Klassisches Doppelzimmer","description":"Entdecken Sie unsere klassischen Doppelzimmern mit Platz f\u00fcr bis zu 2 Personen. Klimatisiert, schallisoliert, WLAN, L'Occitane-Produkte, Dusche","robots":{"index":"index","follow":"follow","max-snippet":"max-snippet:-1","max-image-preview":"max-image-preview:large","max-video-preview":"max-video-preview:-1"},"canonical":"https:\/\/www.hotelparisodeonsaintgermain.com\/de\/unsere-zimmer\/klassisches-doppelzimmer\/","og_locale":"de_DE","og_type":"article","og_title":"Hotel Odeon Saint Germain Paris **** Offizielle Website - Klassisches Doppelzimmer","og_description":"Entdecken Sie unsere klassischen Doppelzimmern mit Platz f\u00fcr bis zu 2 Personen. Klimatisiert, schallisoliert, WLAN, L'Occitane-Produkte, Dusche","og_url":"https:\/\/www.hotelparisodeonsaintgermain.com\/de\/unsere-zimmer\/klassisches-doppelzimmer\/","og_site_name":"Hotel Odeon Saint Germain","article_modified_time":"2025-11-04T10:14:03+00:00","twitter_card":"summary_large_image","twitter_misc":{"Gesch\u00e4tzte Lesezeit":"1 Minute"},"schema":{"@context":"https:\/\/schema.org","@graph":[{"@type":"WebPage","@id":"https:\/\/www.hotelparisodeonsaintgermain.com\/de\/unsere-zimmer\/klassisches-doppelzimmer\/","url":"https:\/\/www.hotelparisodeonsaintgermain.com\/de\/unsere-zimmer\/klassisches-doppelzimmer\/","name":"Hotel Odeon Saint Germain Paris **** Offizielle Website - Klassisches Doppelzimmer","isPartOf":{"@id":"https:\/\/www.hotelparisodeonsaintgermain.com\/de\/#website"},"datePublished":"2022-02-15T14:58:43+00:00","dateModified":"2025-11-04T10:14:03+00:00","description":"Entdecken Sie unsere klassischen Doppelzimmern mit Platz f\u00fcr bis zu 2 Personen. Klimatisiert, schallisoliert, WLAN, L'Occitane-Produkte, Dusche","breadcrumb":{"@id":"https:\/\/www.hotelparisodeonsaintgermain.com\/de\/unsere-zimmer\/klassisches-doppelzimmer\/#breadcrumb"},"inLanguage":"de-DE","potentialAction":[{"@type":"ReadAction","target":["https:\/\/www.hotelparisodeonsaintgermain.com\/de\/unsere-zimmer\/klassisches-doppelzimmer\/"]}]},{"@type":"BreadcrumbList","@id":"https:\/\/www.hotelparisodeonsaintgermain.com\/de\/unsere-zimmer\/klassisches-doppelzimmer\/#breadcrumb","itemListElement":[{"@type":"ListItem","position":1,"name":"Home","item":"https:\/\/www.hotelparisodeonsaintgermain.com\/de\/"},{"@type":"ListItem","position":2,"name":"Unsere Zimmer","item":"https:\/\/www.hotelparisodeonsaintgermain.com\/de\/unsere-zimmer\/"},{"@type":"ListItem","position":3,"name":"Klassisches Doppelzimmer"}]},{"@type":"WebSite","@id":"https:\/\/www.hotelparisodeonsaintgermain.com\/de\/#website","url":"https:\/\/www.hotelparisodeonsaintgermain.com\/de\/","name":"Hotel Odeon Saint Germain","description":"","potentialAction":[{"@type":"SearchAction","target":{"@type":"EntryPoint","urlTemplate":"https:\/\/www.hotelparisodeonsaintgermain.com\/de\/?s={search_term_string}"},"query-input":{"@type":"PropertyValueSpecification","valueRequired":true,"valueName":"search_term_string"}}],"inLanguage":"de-DE"}]}},"acf":[],"_links":{"self":[{"href":"https:\/\/www.hotelparisodeonsaintgermain.com\/de\/wp-json\/wp\/v2\/pages\/382","targetHints":{"allow":["GET"]}}],"collection":[{"href":"https:\/\/www.hotelparisodeonsaintgermain.com\/de\/wp-json\/wp\/v2\/pages"}],"about":[{"href":"https:\/\/www.hotelparisodeonsaintgermain.com\/de\/wp-json\/wp\/v2\/types\/page"}],"author":[{"embeddable":true,"href":"https:\/\/www.hotelparisodeonsaintgermain.com\/de\/wp-json\/wp\/v2\/users\/46"}],"replies":[{"embeddable":true,"href":"https:\/\/www.hotelparisodeonsaintgermain.com\/de\/wp-json\/wp\/v2\/comments?post=382"}],"version-history":[{"count":0,"href":"https:\/\/www.hotelparisodeonsaintgermain.com\/de\/wp-json\/wp\/v2\/pages\/382\/revisions"}],"up":[{"embeddable":true,"href":"https:\/\/www.hotelparisodeonsaintgermain.com\/de\/wp-json\/wp\/v2\/pages\/378"}],"wp:attachment":[{"href":"https:\/\/www.hotelparisodeonsaintgermain.com\/de\/wp-json\/wp\/v2\/media?parent=382"}],"curies":[{"name":"wp","href":"https:\/\/api.w.org\/{rel}","templated":true}]}}