{"id":383,"date":"2022-02-15T15:04:11","date_gmt":"2022-02-15T15:04:11","guid":{"rendered":"https:\/\/odeon.ms.decms.eu\/nos-chambres\/chambre-double-superieure\/"},"modified":"2025-11-04T10:20:09","modified_gmt":"2025-11-04T10:20:09","slug":"superior-doppelzimmer","status":"publish","type":"page","link":"https:\/\/www.hotelparisodeonsaintgermain.com\/de\/unsere-zimmer\/superior-doppelzimmer\/","title":{"rendered":"Superior Doppelzimmer"},"content":{"rendered":"<p style=\"text-align: center\">Diese <strong>Superior-Zimmer sind ger\u00e4umiger<\/strong> und bieten elegante Dekoration, die warme Farben, indirekte Beleuchtung, antike M\u00f6bel und s<strong>ch\u00f6ne Stoffe f\u00fcr eine sehr romantische Atmosph\u00e4re kombiniert<\/strong>. Schlafen Sie eine gute Nachtruhe im Herzen von Saint-Germain-Des-Pr\u00e9s in einem unserer eleganten und raffinierten Superior-Zimmer. Unsere privaten Badezimmer mit Marmoroberfl\u00e4chen und Retro-Stilelementen sind <strong>angenehm und elegant<\/strong>. Genie\u00dfen Sie <strong>L&#8217;Occitane<\/strong> Beauty-Produkte.<\/p>\n","protected":false},"excerpt":{"rendered":"<p>Diese Superior-Zimmer sind ger\u00e4umiger und bieten elegante Dekoration, die warme Farben, indirekte Beleuchtung, antike M\u00f6bel und sch\u00f6ne Stoffe f\u00fcr eine sehr romantische Atmosph\u00e4re kombiniert. Schlafen Sie eine gute Nachtruhe im Herzen von Saint-Germain-Des-Pr\u00e9s in einem unserer eleganten und raffinierten Superior-Zimmer. Unsere privaten Badezimmer mit Marmoroberfl\u00e4chen und Retro-Stilelementen sind angenehm und elegant. Genie\u00dfen Sie L&#8217;Occitane Beauty-Produkte.<\/p>\n","protected":false},"author":46,"featured_media":0,"parent":378,"menu_order":230,"comment_status":"closed","ping_status":"closed","template":"template-single-room.php","meta":{"footnotes":""},"class_list":["post-383","page","type-page","status-publish","hentry"],"yoast_head":"<!-- This site is optimized with the Yoast SEO plugin v26.9 - https:\/\/yoast.com\/product\/yoast-seo-wordpress\/ -->\n<title>Hotel Odeon Saint Germain Paris **** Offizielle Website - Superior Doppelzimmer<\/title>\n<meta name=\"description\" content=\"Entdecken Sie unsere Superior-Doppelzimmern, die Platz f\u00fcr bis zu 2 Personen. Klimatisiert, schallisoliert, WLAN, L&#039;Occitane-Produkte, Dusche oder Badewanne\" \/>\n<meta name=\"robots\" content=\"index, follow, max-snippet:-1, max-image-preview:large, max-video-preview:-1\" \/>\n<link rel=\"canonical\" href=\"https:\/\/www.hotelparisodeonsaintgermain.com\/de\/unsere-zimmer\/superior-doppelzimmer\/\" \/>\n<meta property=\"og:locale\" content=\"de_DE\" \/>\n<meta property=\"og:type\" content=\"article\" \/>\n<meta property=\"og:title\" content=\"Hotel Odeon Saint Germain Paris **** Offizielle Website - Superior Doppelzimmer\" \/>\n<meta property=\"og:description\" content=\"Entdecken Sie unsere Superior-Doppelzimmern, die Platz f\u00fcr bis zu 2 Personen. Klimatisiert, schallisoliert, WLAN, L&#039;Occitane-Produkte, Dusche oder Badewanne\" \/>\n<meta property=\"og:url\" content=\"https:\/\/www.hotelparisodeonsaintgermain.com\/de\/unsere-zimmer\/superior-doppelzimmer\/\" \/>\n<meta property=\"og:site_name\" content=\"Hotel Odeon Saint Germain\" \/>\n<meta property=\"article:modified_time\" content=\"2025-11-04T10:20:09+00:00\" \/>\n<meta name=\"twitter:card\" content=\"summary_large_image\" \/>\n<meta name=\"twitter:label1\" content=\"Gesch\u00e4tzte Lesezeit\" \/>\n\t<meta name=\"twitter:data1\" content=\"1 Minute\" \/>\n<script type=\"application\/ld+json\" class=\"yoast-schema-graph\">{\"@context\":\"https:\/\/schema.org\",\"@graph\":[{\"@type\":\"WebPage\",\"@id\":\"https:\/\/www.hotelparisodeonsaintgermain.com\/de\/unsere-zimmer\/superior-doppelzimmer\/\",\"url\":\"https:\/\/www.hotelparisodeonsaintgermain.com\/de\/unsere-zimmer\/superior-doppelzimmer\/\",\"name\":\"Hotel Odeon Saint Germain Paris **** Offizielle Website - Superior Doppelzimmer\",\"isPartOf\":{\"@id\":\"https:\/\/www.hotelparisodeonsaintgermain.com\/de\/#website\"},\"datePublished\":\"2022-02-15T15:04:11+00:00\",\"dateModified\":\"2025-11-04T10:20:09+00:00\",\"description\":\"Entdecken Sie unsere Superior-Doppelzimmern, die Platz f\u00fcr bis zu 2 Personen. Klimatisiert, schallisoliert, WLAN, L'Occitane-Produkte, Dusche oder Badewanne\",\"breadcrumb\":{\"@id\":\"https:\/\/www.hotelparisodeonsaintgermain.com\/de\/unsere-zimmer\/superior-doppelzimmer\/#breadcrumb\"},\"inLanguage\":\"de-DE\",\"potentialAction\":[{\"@type\":\"ReadAction\",\"target\":[\"https:\/\/www.hotelparisodeonsaintgermain.com\/de\/unsere-zimmer\/superior-doppelzimmer\/\"]}]},{\"@type\":\"BreadcrumbList\",\"@id\":\"https:\/\/www.hotelparisodeonsaintgermain.com\/de\/unsere-zimmer\/superior-doppelzimmer\/#breadcrumb\",\"itemListElement\":[{\"@type\":\"ListItem\",\"position\":1,\"name\":\"Home\",\"item\":\"https:\/\/www.hotelparisodeonsaintgermain.com\/de\/\"},{\"@type\":\"ListItem\",\"position\":2,\"name\":\"Unsere Zimmer\",\"item\":\"https:\/\/www.hotelparisodeonsaintgermain.com\/de\/unsere-zimmer\/\"},{\"@type\":\"ListItem\",\"position\":3,\"name\":\"Superior Doppelzimmer\"}]},{\"@type\":\"WebSite\",\"@id\":\"https:\/\/www.hotelparisodeonsaintgermain.com\/de\/#website\",\"url\":\"https:\/\/www.hotelparisodeonsaintgermain.com\/de\/\",\"name\":\"Hotel Odeon Saint Germain\",\"description\":\"\",\"potentialAction\":[{\"@type\":\"SearchAction\",\"target\":{\"@type\":\"EntryPoint\",\"urlTemplate\":\"https:\/\/www.hotelparisodeonsaintgermain.com\/de\/?s={search_term_string}\"},\"query-input\":{\"@type\":\"PropertyValueSpecification\",\"valueRequired\":true,\"valueName\":\"search_term_string\"}}],\"inLanguage\":\"de-DE\"}]}<\/script>\n<!-- \/ Yoast SEO plugin. -->","yoast_head_json":{"title":"Hotel Odeon Saint Germain Paris **** Offizielle Website - Superior Doppelzimmer","description":"Entdecken Sie unsere Superior-Doppelzimmern, die Platz f\u00fcr bis zu 2 Personen. Klimatisiert, schallisoliert, WLAN, L'Occitane-Produkte, Dusche oder Badewanne","robots":{"index":"index","follow":"follow","max-snippet":"max-snippet:-1","max-image-preview":"max-image-preview:large","max-video-preview":"max-video-preview:-1"},"canonical":"https:\/\/www.hotelparisodeonsaintgermain.com\/de\/unsere-zimmer\/superior-doppelzimmer\/","og_locale":"de_DE","og_type":"article","og_title":"Hotel Odeon Saint Germain Paris **** Offizielle Website - Superior Doppelzimmer","og_description":"Entdecken Sie unsere Superior-Doppelzimmern, die Platz f\u00fcr bis zu 2 Personen. Klimatisiert, schallisoliert, WLAN, L'Occitane-Produkte, Dusche oder Badewanne","og_url":"https:\/\/www.hotelparisodeonsaintgermain.com\/de\/unsere-zimmer\/superior-doppelzimmer\/","og_site_name":"Hotel Odeon Saint Germain","article_modified_time":"2025-11-04T10:20:09+00:00","twitter_card":"summary_large_image","twitter_misc":{"Gesch\u00e4tzte Lesezeit":"1 Minute"},"schema":{"@context":"https:\/\/schema.org","@graph":[{"@type":"WebPage","@id":"https:\/\/www.hotelparisodeonsaintgermain.com\/de\/unsere-zimmer\/superior-doppelzimmer\/","url":"https:\/\/www.hotelparisodeonsaintgermain.com\/de\/unsere-zimmer\/superior-doppelzimmer\/","name":"Hotel Odeon Saint Germain Paris **** Offizielle Website - Superior Doppelzimmer","isPartOf":{"@id":"https:\/\/www.hotelparisodeonsaintgermain.com\/de\/#website"},"datePublished":"2022-02-15T15:04:11+00:00","dateModified":"2025-11-04T10:20:09+00:00","description":"Entdecken Sie unsere Superior-Doppelzimmern, die Platz f\u00fcr bis zu 2 Personen. Klimatisiert, schallisoliert, WLAN, L'Occitane-Produkte, Dusche oder Badewanne","breadcrumb":{"@id":"https:\/\/www.hotelparisodeonsaintgermain.com\/de\/unsere-zimmer\/superior-doppelzimmer\/#breadcrumb"},"inLanguage":"de-DE","potentialAction":[{"@type":"ReadAction","target":["https:\/\/www.hotelparisodeonsaintgermain.com\/de\/unsere-zimmer\/superior-doppelzimmer\/"]}]},{"@type":"BreadcrumbList","@id":"https:\/\/www.hotelparisodeonsaintgermain.com\/de\/unsere-zimmer\/superior-doppelzimmer\/#breadcrumb","itemListElement":[{"@type":"ListItem","position":1,"name":"Home","item":"https:\/\/www.hotelparisodeonsaintgermain.com\/de\/"},{"@type":"ListItem","position":2,"name":"Unsere Zimmer","item":"https:\/\/www.hotelparisodeonsaintgermain.com\/de\/unsere-zimmer\/"},{"@type":"ListItem","position":3,"name":"Superior Doppelzimmer"}]},{"@type":"WebSite","@id":"https:\/\/www.hotelparisodeonsaintgermain.com\/de\/#website","url":"https:\/\/www.hotelparisodeonsaintgermain.com\/de\/","name":"Hotel Odeon Saint Germain","description":"","potentialAction":[{"@type":"SearchAction","target":{"@type":"EntryPoint","urlTemplate":"https:\/\/www.hotelparisodeonsaintgermain.com\/de\/?s={search_term_string}"},"query-input":{"@type":"PropertyValueSpecification","valueRequired":true,"valueName":"search_term_string"}}],"inLanguage":"de-DE"}]}},"acf":[],"_links":{"self":[{"href":"https:\/\/www.hotelparisodeonsaintgermain.com\/de\/wp-json\/wp\/v2\/pages\/383","targetHints":{"allow":["GET"]}}],"collection":[{"href":"https:\/\/www.hotelparisodeonsaintgermain.com\/de\/wp-json\/wp\/v2\/pages"}],"about":[{"href":"https:\/\/www.hotelparisodeonsaintgermain.com\/de\/wp-json\/wp\/v2\/types\/page"}],"author":[{"embeddable":true,"href":"https:\/\/www.hotelparisodeonsaintgermain.com\/de\/wp-json\/wp\/v2\/users\/46"}],"replies":[{"embeddable":true,"href":"https:\/\/www.hotelparisodeonsaintgermain.com\/de\/wp-json\/wp\/v2\/comments?post=383"}],"version-history":[{"count":0,"href":"https:\/\/www.hotelparisodeonsaintgermain.com\/de\/wp-json\/wp\/v2\/pages\/383\/revisions"}],"up":[{"embeddable":true,"href":"https:\/\/www.hotelparisodeonsaintgermain.com\/de\/wp-json\/wp\/v2\/pages\/378"}],"wp:attachment":[{"href":"https:\/\/www.hotelparisodeonsaintgermain.com\/de\/wp-json\/wp\/v2\/media?parent=383"}],"curies":[{"name":"wp","href":"https:\/\/api.w.org\/{rel}","templated":true}]}}