{"id":384,"date":"2022-02-15T15:09:11","date_gmt":"2022-02-15T15:09:11","guid":{"rendered":"https:\/\/odeon.ms.decms.eu\/nos-chambres\/chambre-deluxe\/"},"modified":"2025-11-04T10:23:42","modified_gmt":"2025-11-04T10:23:42","slug":"luxuszimmer","status":"publish","type":"page","link":"https:\/\/www.hotelparisodeonsaintgermain.com\/de\/unsere-zimmer\/luxuszimmer\/","title":{"rendered":"Luxuszimmer"},"content":{"rendered":"<p style=\"text-align: center\">Diese einzigartigen <strong>luxuri\u00f6sen Zimmer sind sehr ger\u00e4umig<\/strong> und sind mit sehr komfortablen <strong>Queensize-Betten<\/strong> ausgestattet. Unsere hervorragende Designdekoration aus<strong> Jacques Garcia<\/strong> heiratet warme Farben, indirekte Beleuchtung, antike M\u00f6bel und sch\u00f6ne Stoffe f\u00fcr eine sehr romantische Atmosph\u00e4re. Schlafen Sie eine gute Nachtruhe im Herzen von Saint-Germain-des-Pr\u00e9s in einem unserer luxuri\u00f6sen eleganten und raffinierten Zimmer. <strong>Unsere privaten Badezimmer mit Marmoroberfl\u00e4chen<\/strong> und Retro-Stilelementen sind angenehm und elegant. Genie\u00dfen Sie L&#8216;<strong>Occitane<\/strong> Beauty-Produkte.<\/p>\n","protected":false},"excerpt":{"rendered":"<p>Diese einzigartigen luxuri\u00f6sen Zimmer sind sehr ger\u00e4umig und sind mit sehr komfortablen Queensize-Betten ausgestattet. Unsere hervorragende Designdekoration aus Jacques Garcia heiratet warme Farben, indirekte Beleuchtung, antike M\u00f6bel und sch\u00f6ne Stoffe f\u00fcr eine sehr romantische Atmosph\u00e4re. Schlafen Sie eine gute Nachtruhe im Herzen von Saint-Germain-des-Pr\u00e9s in einem unserer luxuri\u00f6sen eleganten und raffinierten Zimmer. Unsere privaten Badezimmer [&hellip;]<\/p>\n","protected":false},"author":46,"featured_media":0,"parent":378,"menu_order":240,"comment_status":"closed","ping_status":"closed","template":"template-single-room.php","meta":{"footnotes":""},"class_list":["post-384","page","type-page","status-publish","hentry"],"yoast_head":"<!-- This site is optimized with the Yoast SEO plugin v26.9 - https:\/\/yoast.com\/product\/yoast-seo-wordpress\/ -->\n<title>Hotel Odeon Saint Germain Paris **** Offizielle Site - Deluxe Zimmer<\/title>\n<meta name=\"description\" content=\"Entdecken Sie unsere Deluxe-Zimmer mit Platz f\u00fcr bis zu 2 Personen. Klimatisiert, schallisoliert, Wifi, L&#039;Occitane-Produkte, Dusche &amp; Badewanne\" \/>\n<meta name=\"robots\" content=\"index, follow, max-snippet:-1, max-image-preview:large, max-video-preview:-1\" \/>\n<link rel=\"canonical\" href=\"https:\/\/www.hotelparisodeonsaintgermain.com\/de\/unsere-zimmer\/luxuszimmer\/\" \/>\n<meta property=\"og:locale\" content=\"de_DE\" \/>\n<meta property=\"og:type\" content=\"article\" \/>\n<meta property=\"og:title\" content=\"Hotel Odeon Saint Germain Paris **** Offizielle Site - Deluxe Zimmer\" \/>\n<meta property=\"og:description\" content=\"Entdecken Sie unsere Deluxe-Zimmer mit Platz f\u00fcr bis zu 2 Personen. Klimatisiert, schallisoliert, Wifi, L&#039;Occitane-Produkte, Dusche &amp; Badewanne\" \/>\n<meta property=\"og:url\" content=\"https:\/\/www.hotelparisodeonsaintgermain.com\/de\/unsere-zimmer\/luxuszimmer\/\" \/>\n<meta property=\"og:site_name\" content=\"Hotel Odeon Saint Germain\" \/>\n<meta property=\"article:modified_time\" content=\"2025-11-04T10:23:42+00:00\" \/>\n<meta name=\"twitter:card\" content=\"summary_large_image\" \/>\n<meta name=\"twitter:label1\" content=\"Gesch\u00e4tzte Lesezeit\" \/>\n\t<meta name=\"twitter:data1\" content=\"1 Minute\" \/>\n<script type=\"application\/ld+json\" class=\"yoast-schema-graph\">{\"@context\":\"https:\/\/schema.org\",\"@graph\":[{\"@type\":\"WebPage\",\"@id\":\"https:\/\/www.hotelparisodeonsaintgermain.com\/de\/unsere-zimmer\/luxuszimmer\/\",\"url\":\"https:\/\/www.hotelparisodeonsaintgermain.com\/de\/unsere-zimmer\/luxuszimmer\/\",\"name\":\"Hotel Odeon Saint Germain Paris **** Offizielle Site - Deluxe Zimmer\",\"isPartOf\":{\"@id\":\"https:\/\/www.hotelparisodeonsaintgermain.com\/de\/#website\"},\"datePublished\":\"2022-02-15T15:09:11+00:00\",\"dateModified\":\"2025-11-04T10:23:42+00:00\",\"description\":\"Entdecken Sie unsere Deluxe-Zimmer mit Platz f\u00fcr bis zu 2 Personen. Klimatisiert, schallisoliert, Wifi, L'Occitane-Produkte, Dusche & Badewanne\",\"breadcrumb\":{\"@id\":\"https:\/\/www.hotelparisodeonsaintgermain.com\/de\/unsere-zimmer\/luxuszimmer\/#breadcrumb\"},\"inLanguage\":\"de-DE\",\"potentialAction\":[{\"@type\":\"ReadAction\",\"target\":[\"https:\/\/www.hotelparisodeonsaintgermain.com\/de\/unsere-zimmer\/luxuszimmer\/\"]}]},{\"@type\":\"BreadcrumbList\",\"@id\":\"https:\/\/www.hotelparisodeonsaintgermain.com\/de\/unsere-zimmer\/luxuszimmer\/#breadcrumb\",\"itemListElement\":[{\"@type\":\"ListItem\",\"position\":1,\"name\":\"Home\",\"item\":\"https:\/\/www.hotelparisodeonsaintgermain.com\/de\/\"},{\"@type\":\"ListItem\",\"position\":2,\"name\":\"Unsere Zimmer\",\"item\":\"https:\/\/www.hotelparisodeonsaintgermain.com\/de\/unsere-zimmer\/\"},{\"@type\":\"ListItem\",\"position\":3,\"name\":\"Luxuszimmer\"}]},{\"@type\":\"WebSite\",\"@id\":\"https:\/\/www.hotelparisodeonsaintgermain.com\/de\/#website\",\"url\":\"https:\/\/www.hotelparisodeonsaintgermain.com\/de\/\",\"name\":\"Hotel Odeon Saint Germain\",\"description\":\"\",\"potentialAction\":[{\"@type\":\"SearchAction\",\"target\":{\"@type\":\"EntryPoint\",\"urlTemplate\":\"https:\/\/www.hotelparisodeonsaintgermain.com\/de\/?s={search_term_string}\"},\"query-input\":{\"@type\":\"PropertyValueSpecification\",\"valueRequired\":true,\"valueName\":\"search_term_string\"}}],\"inLanguage\":\"de-DE\"}]}<\/script>\n<!-- \/ Yoast SEO plugin. -->","yoast_head_json":{"title":"Hotel Odeon Saint Germain Paris **** Offizielle Site - Deluxe Zimmer","description":"Entdecken Sie unsere Deluxe-Zimmer mit Platz f\u00fcr bis zu 2 Personen. Klimatisiert, schallisoliert, Wifi, L'Occitane-Produkte, Dusche & Badewanne","robots":{"index":"index","follow":"follow","max-snippet":"max-snippet:-1","max-image-preview":"max-image-preview:large","max-video-preview":"max-video-preview:-1"},"canonical":"https:\/\/www.hotelparisodeonsaintgermain.com\/de\/unsere-zimmer\/luxuszimmer\/","og_locale":"de_DE","og_type":"article","og_title":"Hotel Odeon Saint Germain Paris **** Offizielle Site - Deluxe Zimmer","og_description":"Entdecken Sie unsere Deluxe-Zimmer mit Platz f\u00fcr bis zu 2 Personen. Klimatisiert, schallisoliert, Wifi, L'Occitane-Produkte, Dusche & Badewanne","og_url":"https:\/\/www.hotelparisodeonsaintgermain.com\/de\/unsere-zimmer\/luxuszimmer\/","og_site_name":"Hotel Odeon Saint Germain","article_modified_time":"2025-11-04T10:23:42+00:00","twitter_card":"summary_large_image","twitter_misc":{"Gesch\u00e4tzte Lesezeit":"1 Minute"},"schema":{"@context":"https:\/\/schema.org","@graph":[{"@type":"WebPage","@id":"https:\/\/www.hotelparisodeonsaintgermain.com\/de\/unsere-zimmer\/luxuszimmer\/","url":"https:\/\/www.hotelparisodeonsaintgermain.com\/de\/unsere-zimmer\/luxuszimmer\/","name":"Hotel Odeon Saint Germain Paris **** Offizielle Site - Deluxe Zimmer","isPartOf":{"@id":"https:\/\/www.hotelparisodeonsaintgermain.com\/de\/#website"},"datePublished":"2022-02-15T15:09:11+00:00","dateModified":"2025-11-04T10:23:42+00:00","description":"Entdecken Sie unsere Deluxe-Zimmer mit Platz f\u00fcr bis zu 2 Personen. Klimatisiert, schallisoliert, Wifi, L'Occitane-Produkte, Dusche & Badewanne","breadcrumb":{"@id":"https:\/\/www.hotelparisodeonsaintgermain.com\/de\/unsere-zimmer\/luxuszimmer\/#breadcrumb"},"inLanguage":"de-DE","potentialAction":[{"@type":"ReadAction","target":["https:\/\/www.hotelparisodeonsaintgermain.com\/de\/unsere-zimmer\/luxuszimmer\/"]}]},{"@type":"BreadcrumbList","@id":"https:\/\/www.hotelparisodeonsaintgermain.com\/de\/unsere-zimmer\/luxuszimmer\/#breadcrumb","itemListElement":[{"@type":"ListItem","position":1,"name":"Home","item":"https:\/\/www.hotelparisodeonsaintgermain.com\/de\/"},{"@type":"ListItem","position":2,"name":"Unsere Zimmer","item":"https:\/\/www.hotelparisodeonsaintgermain.com\/de\/unsere-zimmer\/"},{"@type":"ListItem","position":3,"name":"Luxuszimmer"}]},{"@type":"WebSite","@id":"https:\/\/www.hotelparisodeonsaintgermain.com\/de\/#website","url":"https:\/\/www.hotelparisodeonsaintgermain.com\/de\/","name":"Hotel Odeon Saint Germain","description":"","potentialAction":[{"@type":"SearchAction","target":{"@type":"EntryPoint","urlTemplate":"https:\/\/www.hotelparisodeonsaintgermain.com\/de\/?s={search_term_string}"},"query-input":{"@type":"PropertyValueSpecification","valueRequired":true,"valueName":"search_term_string"}}],"inLanguage":"de-DE"}]}},"acf":[],"_links":{"self":[{"href":"https:\/\/www.hotelparisodeonsaintgermain.com\/de\/wp-json\/wp\/v2\/pages\/384","targetHints":{"allow":["GET"]}}],"collection":[{"href":"https:\/\/www.hotelparisodeonsaintgermain.com\/de\/wp-json\/wp\/v2\/pages"}],"about":[{"href":"https:\/\/www.hotelparisodeonsaintgermain.com\/de\/wp-json\/wp\/v2\/types\/page"}],"author":[{"embeddable":true,"href":"https:\/\/www.hotelparisodeonsaintgermain.com\/de\/wp-json\/wp\/v2\/users\/46"}],"replies":[{"embeddable":true,"href":"https:\/\/www.hotelparisodeonsaintgermain.com\/de\/wp-json\/wp\/v2\/comments?post=384"}],"version-history":[{"count":0,"href":"https:\/\/www.hotelparisodeonsaintgermain.com\/de\/wp-json\/wp\/v2\/pages\/384\/revisions"}],"up":[{"embeddable":true,"href":"https:\/\/www.hotelparisodeonsaintgermain.com\/de\/wp-json\/wp\/v2\/pages\/378"}],"wp:attachment":[{"href":"https:\/\/www.hotelparisodeonsaintgermain.com\/de\/wp-json\/wp\/v2\/media?parent=384"}],"curies":[{"name":"wp","href":"https:\/\/api.w.org\/{rel}","templated":true}]}}