{"id":385,"date":"2022-02-15T15:13:57","date_gmt":"2022-02-15T15:13:57","guid":{"rendered":"https:\/\/odeon.ms.decms.eu\/nos-chambres\/chambre-triple-deluxe\/"},"modified":"2025-11-04T10:28:23","modified_gmt":"2025-11-04T10:28:23","slug":"deluxe-dreibettzimmer","status":"publish","type":"page","link":"https:\/\/www.hotelparisodeonsaintgermain.com\/de\/unsere-zimmer\/deluxe-dreibettzimmer\/","title":{"rendered":"Deluxe Dreibettzimmer"},"content":{"rendered":"<p style=\"text-align: center\">Diese <strong>ger\u00e4umigen Dreibettzimmer<\/strong> sind entweder mit einem<strong> sehr komfortablen Queensize-Bett<\/strong> und einem individuellen Bett oder <strong>drei Einzelbetten<\/strong> ausgestattet, das sie ideal f\u00fcr <strong>Familien oder Freunde<\/strong> eignet, die zusammen reisen. Unsere hervorragende Designdekoration, die von Jacques Garcia erstellt wurde, heiratet <strong>warme Farben<\/strong>, indirekte Beleuchtung, antike Stilm\u00f6bel und <strong>sch\u00f6ne Stoffe<\/strong> f\u00fcr eine romantische Atmosph\u00e4re. Schlafen Sie eine gute Nachtruhe im Herzen von Saint-Germain-des-Pr\u00e9s in einem unserer eleganten und raffinierten Dreibettzimmer. Unsere privaten Badezimmer mit Marmoroberfl\u00e4chen und Retro-Stilelementen sind angenehm und elegant. Genie\u00dfen Sie <strong>L&#8217;Occitane<\/strong> Beauty-Produkte.<\/p>\n","protected":false},"excerpt":{"rendered":"<p>Diese ger\u00e4umigen Dreibettzimmer sind entweder mit einem sehr komfortablen Queensize-Bett und einem individuellen Bett oder drei Einzelbetten ausgestattet, das sie ideal f\u00fcr Familien oder Freunde eignet, die zusammen reisen. Unsere hervorragende Designdekoration, die von Jacques Garcia erstellt wurde, heiratet warme Farben, indirekte Beleuchtung, antike Stilm\u00f6bel und sch\u00f6ne Stoffe f\u00fcr eine romantische Atmosph\u00e4re. Schlafen Sie eine [&hellip;]<\/p>\n","protected":false},"author":46,"featured_media":0,"parent":378,"menu_order":250,"comment_status":"closed","ping_status":"closed","template":"template-single-room.php","meta":{"footnotes":""},"class_list":["post-385","page","type-page","status-publish","hentry"],"yoast_head":"<!-- This site is optimized with the Yoast SEO plugin v26.9 - https:\/\/yoast.com\/product\/yoast-seo-wordpress\/ -->\n<title>Hotel Odeon Saint Germain Paris **** Offizielle Website - Deluxe Dreibettzimmer<\/title>\n<meta name=\"description\" content=\"Entdecken Sie unsere Deluxe-Dreibettzimmer mit Platz f\u00fcr bis zu 3 Personen. Klimatisiert, schallisoliert, Wifi, L&#039;Occitane-Produkte, Dusche &amp; Badewanne\" \/>\n<meta name=\"robots\" content=\"index, follow, max-snippet:-1, max-image-preview:large, max-video-preview:-1\" \/>\n<link rel=\"canonical\" href=\"https:\/\/www.hotelparisodeonsaintgermain.com\/de\/unsere-zimmer\/deluxe-dreibettzimmer\/\" \/>\n<meta property=\"og:locale\" content=\"de_DE\" \/>\n<meta property=\"og:type\" content=\"article\" \/>\n<meta property=\"og:title\" content=\"Hotel Odeon Saint Germain Paris **** Offizielle Website - Deluxe Dreibettzimmer\" \/>\n<meta property=\"og:description\" content=\"Entdecken Sie unsere Deluxe-Dreibettzimmer mit Platz f\u00fcr bis zu 3 Personen. Klimatisiert, schallisoliert, Wifi, L&#039;Occitane-Produkte, Dusche &amp; Badewanne\" \/>\n<meta property=\"og:url\" content=\"https:\/\/www.hotelparisodeonsaintgermain.com\/de\/unsere-zimmer\/deluxe-dreibettzimmer\/\" \/>\n<meta property=\"og:site_name\" content=\"Hotel Odeon Saint Germain\" \/>\n<meta property=\"article:modified_time\" content=\"2025-11-04T10:28:23+00:00\" \/>\n<meta name=\"twitter:card\" content=\"summary_large_image\" \/>\n<meta name=\"twitter:label1\" content=\"Gesch\u00e4tzte Lesezeit\" \/>\n\t<meta name=\"twitter:data1\" content=\"1 Minute\" \/>\n<script type=\"application\/ld+json\" class=\"yoast-schema-graph\">{\"@context\":\"https:\/\/schema.org\",\"@graph\":[{\"@type\":\"WebPage\",\"@id\":\"https:\/\/www.hotelparisodeonsaintgermain.com\/de\/unsere-zimmer\/deluxe-dreibettzimmer\/\",\"url\":\"https:\/\/www.hotelparisodeonsaintgermain.com\/de\/unsere-zimmer\/deluxe-dreibettzimmer\/\",\"name\":\"Hotel Odeon Saint Germain Paris **** Offizielle Website - Deluxe Dreibettzimmer\",\"isPartOf\":{\"@id\":\"https:\/\/www.hotelparisodeonsaintgermain.com\/de\/#website\"},\"datePublished\":\"2022-02-15T15:13:57+00:00\",\"dateModified\":\"2025-11-04T10:28:23+00:00\",\"description\":\"Entdecken Sie unsere Deluxe-Dreibettzimmer mit Platz f\u00fcr bis zu 3 Personen. Klimatisiert, schallisoliert, Wifi, L'Occitane-Produkte, Dusche & Badewanne\",\"breadcrumb\":{\"@id\":\"https:\/\/www.hotelparisodeonsaintgermain.com\/de\/unsere-zimmer\/deluxe-dreibettzimmer\/#breadcrumb\"},\"inLanguage\":\"de-DE\",\"potentialAction\":[{\"@type\":\"ReadAction\",\"target\":[\"https:\/\/www.hotelparisodeonsaintgermain.com\/de\/unsere-zimmer\/deluxe-dreibettzimmer\/\"]}]},{\"@type\":\"BreadcrumbList\",\"@id\":\"https:\/\/www.hotelparisodeonsaintgermain.com\/de\/unsere-zimmer\/deluxe-dreibettzimmer\/#breadcrumb\",\"itemListElement\":[{\"@type\":\"ListItem\",\"position\":1,\"name\":\"Home\",\"item\":\"https:\/\/www.hotelparisodeonsaintgermain.com\/de\/\"},{\"@type\":\"ListItem\",\"position\":2,\"name\":\"Unsere Zimmer\",\"item\":\"https:\/\/www.hotelparisodeonsaintgermain.com\/de\/unsere-zimmer\/\"},{\"@type\":\"ListItem\",\"position\":3,\"name\":\"Deluxe Dreibettzimmer\"}]},{\"@type\":\"WebSite\",\"@id\":\"https:\/\/www.hotelparisodeonsaintgermain.com\/de\/#website\",\"url\":\"https:\/\/www.hotelparisodeonsaintgermain.com\/de\/\",\"name\":\"Hotel Odeon Saint Germain\",\"description\":\"\",\"potentialAction\":[{\"@type\":\"SearchAction\",\"target\":{\"@type\":\"EntryPoint\",\"urlTemplate\":\"https:\/\/www.hotelparisodeonsaintgermain.com\/de\/?s={search_term_string}\"},\"query-input\":{\"@type\":\"PropertyValueSpecification\",\"valueRequired\":true,\"valueName\":\"search_term_string\"}}],\"inLanguage\":\"de-DE\"}]}<\/script>\n<!-- \/ Yoast SEO plugin. -->","yoast_head_json":{"title":"Hotel Odeon Saint Germain Paris **** Offizielle Website - Deluxe Dreibettzimmer","description":"Entdecken Sie unsere Deluxe-Dreibettzimmer mit Platz f\u00fcr bis zu 3 Personen. Klimatisiert, schallisoliert, Wifi, L'Occitane-Produkte, Dusche & Badewanne","robots":{"index":"index","follow":"follow","max-snippet":"max-snippet:-1","max-image-preview":"max-image-preview:large","max-video-preview":"max-video-preview:-1"},"canonical":"https:\/\/www.hotelparisodeonsaintgermain.com\/de\/unsere-zimmer\/deluxe-dreibettzimmer\/","og_locale":"de_DE","og_type":"article","og_title":"Hotel Odeon Saint Germain Paris **** Offizielle Website - Deluxe Dreibettzimmer","og_description":"Entdecken Sie unsere Deluxe-Dreibettzimmer mit Platz f\u00fcr bis zu 3 Personen. Klimatisiert, schallisoliert, Wifi, L'Occitane-Produkte, Dusche & Badewanne","og_url":"https:\/\/www.hotelparisodeonsaintgermain.com\/de\/unsere-zimmer\/deluxe-dreibettzimmer\/","og_site_name":"Hotel Odeon Saint Germain","article_modified_time":"2025-11-04T10:28:23+00:00","twitter_card":"summary_large_image","twitter_misc":{"Gesch\u00e4tzte Lesezeit":"1 Minute"},"schema":{"@context":"https:\/\/schema.org","@graph":[{"@type":"WebPage","@id":"https:\/\/www.hotelparisodeonsaintgermain.com\/de\/unsere-zimmer\/deluxe-dreibettzimmer\/","url":"https:\/\/www.hotelparisodeonsaintgermain.com\/de\/unsere-zimmer\/deluxe-dreibettzimmer\/","name":"Hotel Odeon Saint Germain Paris **** Offizielle Website - Deluxe Dreibettzimmer","isPartOf":{"@id":"https:\/\/www.hotelparisodeonsaintgermain.com\/de\/#website"},"datePublished":"2022-02-15T15:13:57+00:00","dateModified":"2025-11-04T10:28:23+00:00","description":"Entdecken Sie unsere Deluxe-Dreibettzimmer mit Platz f\u00fcr bis zu 3 Personen. Klimatisiert, schallisoliert, Wifi, L'Occitane-Produkte, Dusche & Badewanne","breadcrumb":{"@id":"https:\/\/www.hotelparisodeonsaintgermain.com\/de\/unsere-zimmer\/deluxe-dreibettzimmer\/#breadcrumb"},"inLanguage":"de-DE","potentialAction":[{"@type":"ReadAction","target":["https:\/\/www.hotelparisodeonsaintgermain.com\/de\/unsere-zimmer\/deluxe-dreibettzimmer\/"]}]},{"@type":"BreadcrumbList","@id":"https:\/\/www.hotelparisodeonsaintgermain.com\/de\/unsere-zimmer\/deluxe-dreibettzimmer\/#breadcrumb","itemListElement":[{"@type":"ListItem","position":1,"name":"Home","item":"https:\/\/www.hotelparisodeonsaintgermain.com\/de\/"},{"@type":"ListItem","position":2,"name":"Unsere Zimmer","item":"https:\/\/www.hotelparisodeonsaintgermain.com\/de\/unsere-zimmer\/"},{"@type":"ListItem","position":3,"name":"Deluxe Dreibettzimmer"}]},{"@type":"WebSite","@id":"https:\/\/www.hotelparisodeonsaintgermain.com\/de\/#website","url":"https:\/\/www.hotelparisodeonsaintgermain.com\/de\/","name":"Hotel Odeon Saint Germain","description":"","potentialAction":[{"@type":"SearchAction","target":{"@type":"EntryPoint","urlTemplate":"https:\/\/www.hotelparisodeonsaintgermain.com\/de\/?s={search_term_string}"},"query-input":{"@type":"PropertyValueSpecification","valueRequired":true,"valueName":"search_term_string"}}],"inLanguage":"de-DE"}]}},"acf":[],"_links":{"self":[{"href":"https:\/\/www.hotelparisodeonsaintgermain.com\/de\/wp-json\/wp\/v2\/pages\/385","targetHints":{"allow":["GET"]}}],"collection":[{"href":"https:\/\/www.hotelparisodeonsaintgermain.com\/de\/wp-json\/wp\/v2\/pages"}],"about":[{"href":"https:\/\/www.hotelparisodeonsaintgermain.com\/de\/wp-json\/wp\/v2\/types\/page"}],"author":[{"embeddable":true,"href":"https:\/\/www.hotelparisodeonsaintgermain.com\/de\/wp-json\/wp\/v2\/users\/46"}],"replies":[{"embeddable":true,"href":"https:\/\/www.hotelparisodeonsaintgermain.com\/de\/wp-json\/wp\/v2\/comments?post=385"}],"version-history":[{"count":0,"href":"https:\/\/www.hotelparisodeonsaintgermain.com\/de\/wp-json\/wp\/v2\/pages\/385\/revisions"}],"up":[{"embeddable":true,"href":"https:\/\/www.hotelparisodeonsaintgermain.com\/de\/wp-json\/wp\/v2\/pages\/378"}],"wp:attachment":[{"href":"https:\/\/www.hotelparisodeonsaintgermain.com\/de\/wp-json\/wp\/v2\/media?parent=385"}],"curies":[{"name":"wp","href":"https:\/\/api.w.org\/{rel}","templated":true}]}}