{"id":386,"date":"2022-02-15T15:25:40","date_gmt":"2022-02-15T15:25:40","guid":{"rendered":"https:\/\/odeon.ms.decms.eu\/nos-chambres\/chambres-signatures-jacques-garcia\/"},"modified":"2025-11-04T10:32:26","modified_gmt":"2025-11-04T10:32:26","slug":"unterschriften-raume-jacques-garcia","status":"publish","type":"page","link":"https:\/\/www.hotelparisodeonsaintgermain.com\/de\/unsere-zimmer\/unterschriften-raume-jacques-garcia\/","title":{"rendered":"Unterschriften R\u00e4ume &#8211; Jacques Garcia"},"content":{"rendered":"<p style=\"text-align: center\">Genie\u00dfen Sie einen au\u00dfergew\u00f6hnlichen Aufenthalt im <strong>Jacques Garcia Signature Zimmer<\/strong>.<\/p>\n<p style=\"text-align: center\"><strong>Versteckt auf der obersten Etage des Hotels mit Blick auf die D\u00e4cher wird Sie Zimmer Nr. 39 bitten<\/strong>, die Gunst zu erweisen und die letzte Treppe zu Fu\u00df zu erklimmen, <strong>aber diese Etage wird dann nur f\u00fcr Sie sein<\/strong>. Die einzigartige Dekoration von Jacques Garcia kombiniert warme Farben, indirekte Beleuchtung, antik anmutende M\u00f6bel und wundersch\u00f6ne Stoffe f\u00fcr eine sehr intime und<strong> romantische Atmosph\u00e4re<\/strong>.<\/p>\n<p style=\"text-align: center\">Das angenehme und elegante Badezimmer mit Oberfl\u00e4chen aus schwarzem Simbabwischen Marmor und italienischen Armaturen bietet Ihnen <strong>eine gro\u00dfe Dusche mit privatem Hammam und eine Badewanne.<\/strong><\/p>\n<p style=\"text-align: center\">Genie\u00dfen Sie unsere <strong>L&#8217;Occitane<\/strong> Marken-Toilettenartikel, die zu Ihrer Verf\u00fcgung stehen.<\/p>\n","protected":false},"excerpt":{"rendered":"<p>Genie\u00dfen Sie einen au\u00dfergew\u00f6hnlichen Aufenthalt im Jacques Garcia Signature Zimmer. Versteckt auf der obersten Etage des Hotels mit Blick auf die D\u00e4cher wird Sie Zimmer Nr. 39 bitten, die Gunst zu erweisen und die letzte Treppe zu Fu\u00df zu erklimmen, aber diese Etage wird dann nur f\u00fcr Sie sein. Die einzigartige Dekoration von Jacques Garcia [&hellip;]<\/p>\n","protected":false},"author":46,"featured_media":0,"parent":378,"menu_order":260,"comment_status":"closed","ping_status":"closed","template":"template-single-room.php","meta":{"footnotes":""},"class_list":["post-386","page","type-page","status-publish","hentry"],"yoast_head":"<!-- This site is optimized with the Yoast SEO plugin v26.9 - https:\/\/yoast.com\/product\/yoast-seo-wordpress\/ -->\n<title>Hotel Odeon Saint Germain Paris **** Offizielle Website - Signature-Zimmer Jacques Garcia<\/title>\n<meta name=\"description\" content=\"Entdecken Sie unsere UnterscheidungsZimmer Jacques Garcia, die Platz f\u00fcr bis zu 2 Personen. Klimatisiert, schallisoliert, Wifi, L&#039;Occitane-Produkte, Dusche &amp; Badewanne\" \/>\n<meta name=\"robots\" content=\"index, follow, max-snippet:-1, max-image-preview:large, max-video-preview:-1\" \/>\n<link rel=\"canonical\" href=\"https:\/\/www.hotelparisodeonsaintgermain.com\/de\/unsere-zimmer\/unterschriften-raume-jacques-garcia\/\" \/>\n<meta property=\"og:locale\" content=\"de_DE\" \/>\n<meta property=\"og:type\" content=\"article\" \/>\n<meta property=\"og:title\" content=\"Hotel Odeon Saint Germain Paris **** Offizielle Website - Signature-Zimmer Jacques Garcia\" \/>\n<meta property=\"og:description\" content=\"Entdecken Sie unsere UnterscheidungsZimmer Jacques Garcia, die Platz f\u00fcr bis zu 2 Personen. Klimatisiert, schallisoliert, Wifi, L&#039;Occitane-Produkte, Dusche &amp; Badewanne\" \/>\n<meta property=\"og:url\" content=\"https:\/\/www.hotelparisodeonsaintgermain.com\/de\/unsere-zimmer\/unterschriften-raume-jacques-garcia\/\" \/>\n<meta property=\"og:site_name\" content=\"Hotel Odeon Saint Germain\" \/>\n<meta property=\"article:modified_time\" content=\"2025-11-04T10:32:26+00:00\" \/>\n<meta name=\"twitter:card\" content=\"summary_large_image\" \/>\n<meta name=\"twitter:label1\" content=\"Gesch\u00e4tzte Lesezeit\" \/>\n\t<meta name=\"twitter:data1\" content=\"1 Minute\" \/>\n<script type=\"application\/ld+json\" class=\"yoast-schema-graph\">{\"@context\":\"https:\/\/schema.org\",\"@graph\":[{\"@type\":\"WebPage\",\"@id\":\"https:\/\/www.hotelparisodeonsaintgermain.com\/de\/unsere-zimmer\/unterschriften-raume-jacques-garcia\/\",\"url\":\"https:\/\/www.hotelparisodeonsaintgermain.com\/de\/unsere-zimmer\/unterschriften-raume-jacques-garcia\/\",\"name\":\"Hotel Odeon Saint Germain Paris **** Offizielle Website - Signature-Zimmer Jacques Garcia\",\"isPartOf\":{\"@id\":\"https:\/\/www.hotelparisodeonsaintgermain.com\/de\/#website\"},\"datePublished\":\"2022-02-15T15:25:40+00:00\",\"dateModified\":\"2025-11-04T10:32:26+00:00\",\"description\":\"Entdecken Sie unsere UnterscheidungsZimmer Jacques Garcia, die Platz f\u00fcr bis zu 2 Personen. Klimatisiert, schallisoliert, Wifi, L'Occitane-Produkte, Dusche & Badewanne\",\"breadcrumb\":{\"@id\":\"https:\/\/www.hotelparisodeonsaintgermain.com\/de\/unsere-zimmer\/unterschriften-raume-jacques-garcia\/#breadcrumb\"},\"inLanguage\":\"de-DE\",\"potentialAction\":[{\"@type\":\"ReadAction\",\"target\":[\"https:\/\/www.hotelparisodeonsaintgermain.com\/de\/unsere-zimmer\/unterschriften-raume-jacques-garcia\/\"]}]},{\"@type\":\"BreadcrumbList\",\"@id\":\"https:\/\/www.hotelparisodeonsaintgermain.com\/de\/unsere-zimmer\/unterschriften-raume-jacques-garcia\/#breadcrumb\",\"itemListElement\":[{\"@type\":\"ListItem\",\"position\":1,\"name\":\"Home\",\"item\":\"https:\/\/www.hotelparisodeonsaintgermain.com\/de\/\"},{\"@type\":\"ListItem\",\"position\":2,\"name\":\"Unsere Zimmer\",\"item\":\"https:\/\/www.hotelparisodeonsaintgermain.com\/de\/unsere-zimmer\/\"},{\"@type\":\"ListItem\",\"position\":3,\"name\":\"Unterschriften R\u00e4ume &#8211; Jacques Garcia\"}]},{\"@type\":\"WebSite\",\"@id\":\"https:\/\/www.hotelparisodeonsaintgermain.com\/de\/#website\",\"url\":\"https:\/\/www.hotelparisodeonsaintgermain.com\/de\/\",\"name\":\"Hotel Odeon Saint Germain\",\"description\":\"\",\"potentialAction\":[{\"@type\":\"SearchAction\",\"target\":{\"@type\":\"EntryPoint\",\"urlTemplate\":\"https:\/\/www.hotelparisodeonsaintgermain.com\/de\/?s={search_term_string}\"},\"query-input\":{\"@type\":\"PropertyValueSpecification\",\"valueRequired\":true,\"valueName\":\"search_term_string\"}}],\"inLanguage\":\"de-DE\"}]}<\/script>\n<!-- \/ Yoast SEO plugin. -->","yoast_head_json":{"title":"Hotel Odeon Saint Germain Paris **** Offizielle Website - Signature-Zimmer Jacques Garcia","description":"Entdecken Sie unsere UnterscheidungsZimmer Jacques Garcia, die Platz f\u00fcr bis zu 2 Personen. Klimatisiert, schallisoliert, Wifi, L'Occitane-Produkte, Dusche & Badewanne","robots":{"index":"index","follow":"follow","max-snippet":"max-snippet:-1","max-image-preview":"max-image-preview:large","max-video-preview":"max-video-preview:-1"},"canonical":"https:\/\/www.hotelparisodeonsaintgermain.com\/de\/unsere-zimmer\/unterschriften-raume-jacques-garcia\/","og_locale":"de_DE","og_type":"article","og_title":"Hotel Odeon Saint Germain Paris **** Offizielle Website - Signature-Zimmer Jacques Garcia","og_description":"Entdecken Sie unsere UnterscheidungsZimmer Jacques Garcia, die Platz f\u00fcr bis zu 2 Personen. Klimatisiert, schallisoliert, Wifi, L'Occitane-Produkte, Dusche & Badewanne","og_url":"https:\/\/www.hotelparisodeonsaintgermain.com\/de\/unsere-zimmer\/unterschriften-raume-jacques-garcia\/","og_site_name":"Hotel Odeon Saint Germain","article_modified_time":"2025-11-04T10:32:26+00:00","twitter_card":"summary_large_image","twitter_misc":{"Gesch\u00e4tzte Lesezeit":"1 Minute"},"schema":{"@context":"https:\/\/schema.org","@graph":[{"@type":"WebPage","@id":"https:\/\/www.hotelparisodeonsaintgermain.com\/de\/unsere-zimmer\/unterschriften-raume-jacques-garcia\/","url":"https:\/\/www.hotelparisodeonsaintgermain.com\/de\/unsere-zimmer\/unterschriften-raume-jacques-garcia\/","name":"Hotel Odeon Saint Germain Paris **** Offizielle Website - Signature-Zimmer Jacques Garcia","isPartOf":{"@id":"https:\/\/www.hotelparisodeonsaintgermain.com\/de\/#website"},"datePublished":"2022-02-15T15:25:40+00:00","dateModified":"2025-11-04T10:32:26+00:00","description":"Entdecken Sie unsere UnterscheidungsZimmer Jacques Garcia, die Platz f\u00fcr bis zu 2 Personen. Klimatisiert, schallisoliert, Wifi, L'Occitane-Produkte, Dusche & Badewanne","breadcrumb":{"@id":"https:\/\/www.hotelparisodeonsaintgermain.com\/de\/unsere-zimmer\/unterschriften-raume-jacques-garcia\/#breadcrumb"},"inLanguage":"de-DE","potentialAction":[{"@type":"ReadAction","target":["https:\/\/www.hotelparisodeonsaintgermain.com\/de\/unsere-zimmer\/unterschriften-raume-jacques-garcia\/"]}]},{"@type":"BreadcrumbList","@id":"https:\/\/www.hotelparisodeonsaintgermain.com\/de\/unsere-zimmer\/unterschriften-raume-jacques-garcia\/#breadcrumb","itemListElement":[{"@type":"ListItem","position":1,"name":"Home","item":"https:\/\/www.hotelparisodeonsaintgermain.com\/de\/"},{"@type":"ListItem","position":2,"name":"Unsere Zimmer","item":"https:\/\/www.hotelparisodeonsaintgermain.com\/de\/unsere-zimmer\/"},{"@type":"ListItem","position":3,"name":"Unterschriften R\u00e4ume &#8211; Jacques Garcia"}]},{"@type":"WebSite","@id":"https:\/\/www.hotelparisodeonsaintgermain.com\/de\/#website","url":"https:\/\/www.hotelparisodeonsaintgermain.com\/de\/","name":"Hotel Odeon Saint Germain","description":"","potentialAction":[{"@type":"SearchAction","target":{"@type":"EntryPoint","urlTemplate":"https:\/\/www.hotelparisodeonsaintgermain.com\/de\/?s={search_term_string}"},"query-input":{"@type":"PropertyValueSpecification","valueRequired":true,"valueName":"search_term_string"}}],"inLanguage":"de-DE"}]}},"acf":[],"_links":{"self":[{"href":"https:\/\/www.hotelparisodeonsaintgermain.com\/de\/wp-json\/wp\/v2\/pages\/386","targetHints":{"allow":["GET"]}}],"collection":[{"href":"https:\/\/www.hotelparisodeonsaintgermain.com\/de\/wp-json\/wp\/v2\/pages"}],"about":[{"href":"https:\/\/www.hotelparisodeonsaintgermain.com\/de\/wp-json\/wp\/v2\/types\/page"}],"author":[{"embeddable":true,"href":"https:\/\/www.hotelparisodeonsaintgermain.com\/de\/wp-json\/wp\/v2\/users\/46"}],"replies":[{"embeddable":true,"href":"https:\/\/www.hotelparisodeonsaintgermain.com\/de\/wp-json\/wp\/v2\/comments?post=386"}],"version-history":[{"count":0,"href":"https:\/\/www.hotelparisodeonsaintgermain.com\/de\/wp-json\/wp\/v2\/pages\/386\/revisions"}],"up":[{"embeddable":true,"href":"https:\/\/www.hotelparisodeonsaintgermain.com\/de\/wp-json\/wp\/v2\/pages\/378"}],"wp:attachment":[{"href":"https:\/\/www.hotelparisodeonsaintgermain.com\/de\/wp-json\/wp\/v2\/media?parent=386"}],"curies":[{"name":"wp","href":"https:\/\/api.w.org\/{rel}","templated":true}]}}