{"id":397,"date":"2022-02-15T16:00:56","date_gmt":"2022-02-15T16:00:56","guid":{"rendered":"https:\/\/odeon.ms.decms.eu\/nos-services\/"},"modified":"2022-04-08T15:35:03","modified_gmt":"2022-04-08T15:35:03","slug":"unsere-dienstleistungen","status":"publish","type":"page","link":"https:\/\/www.hotelparisodeonsaintgermain.com\/de\/unsere-dienstleistungen\/","title":{"rendered":"Unsere Dienstleistungen"},"content":{"rendered":"<p style=\"text-align: center;\">Unser Team ist <strong>24 Stunden<\/strong> am Tag f\u00fcr Sie verf\u00fcgbar, um Ihren Aufenthalt so <strong>angenehm wie m\u00f6glich<\/strong> zu gestalten und mit jeder Anfrage zu helfen. Hier ist die Liste unserer wichtigsten <strong>Dienstleistungen<\/strong>, z\u00f6gern Sie nicht, uns zu <strong>kontaktieren<\/strong>, wenn Sie ein besonderes Bed\u00fcrfnis haben,<strong> wir helfen Ihnen gerne weiter<\/strong>.<\/p>\n","protected":false},"excerpt":{"rendered":"<p>Unser Team ist 24 Stunden am Tag f\u00fcr Sie verf\u00fcgbar, um Ihren Aufenthalt so angenehm wie m\u00f6glich zu gestalten und mit jeder Anfrage zu helfen. Hier ist die Liste unserer wichtigsten Dienstleistungen, z\u00f6gern Sie nicht, uns zu kontaktieren, wenn Sie ein besonderes Bed\u00fcrfnis haben, wir helfen Ihnen gerne weiter.<\/p>\n","protected":false},"author":46,"featured_media":0,"parent":0,"menu_order":30,"comment_status":"closed","ping_status":"closed","template":"","meta":{"footnotes":""},"class_list":["post-397","page","type-page","status-publish","hentry"],"yoast_head":"<!-- This site is optimized with the Yoast SEO plugin v26.9 - https:\/\/yoast.com\/product\/yoast-seo-wordpress\/ -->\n<title>Hotel Odeon Saint Germain Paris **** Offizielle Website - Unsere Dienstleistungen<\/title>\n<meta name=\"description\" content=\"Die Dienstleistungen von Hotel Odeon Saint Germain. 24h Rezeption, Klimaanlage, kostenloses WLAN, Fr\u00fchst\u00fcck, Gep\u00e4ckaufbewahrung, Shuttlebusbahnhof oder Aeroport, Safe, \u00f6ffentlicher Parkplatz, Tiere\" \/>\n<meta name=\"robots\" content=\"index, follow, max-snippet:-1, max-image-preview:large, max-video-preview:-1\" \/>\n<link rel=\"canonical\" href=\"https:\/\/www.hotelparisodeonsaintgermain.com\/de\/unsere-dienstleistungen\/\" \/>\n<meta property=\"og:locale\" content=\"de_DE\" \/>\n<meta property=\"og:type\" content=\"article\" \/>\n<meta property=\"og:title\" content=\"Hotel Odeon Saint Germain Paris **** Offizielle Website - Unsere Dienstleistungen\" \/>\n<meta property=\"og:description\" content=\"Die Dienstleistungen von Hotel Odeon Saint Germain. 24h Rezeption, Klimaanlage, kostenloses WLAN, Fr\u00fchst\u00fcck, Gep\u00e4ckaufbewahrung, Shuttlebusbahnhof oder Aeroport, Safe, \u00f6ffentlicher Parkplatz, Tiere\" \/>\n<meta property=\"og:url\" content=\"https:\/\/www.hotelparisodeonsaintgermain.com\/de\/unsere-dienstleistungen\/\" \/>\n<meta property=\"og:site_name\" content=\"Hotel Odeon Saint Germain\" \/>\n<meta property=\"article:modified_time\" content=\"2022-04-08T15:35:03+00:00\" \/>\n<meta name=\"twitter:card\" content=\"summary_large_image\" \/>\n<meta name=\"twitter:label1\" content=\"Gesch\u00e4tzte Lesezeit\" \/>\n\t<meta name=\"twitter:data1\" content=\"1 Minute\" \/>\n<script type=\"application\/ld+json\" class=\"yoast-schema-graph\">{\"@context\":\"https:\/\/schema.org\",\"@graph\":[{\"@type\":\"WebPage\",\"@id\":\"https:\/\/www.hotelparisodeonsaintgermain.com\/de\/unsere-dienstleistungen\/\",\"url\":\"https:\/\/www.hotelparisodeonsaintgermain.com\/de\/unsere-dienstleistungen\/\",\"name\":\"Hotel Odeon Saint Germain Paris **** Offizielle Website - Unsere Dienstleistungen\",\"isPartOf\":{\"@id\":\"https:\/\/www.hotelparisodeonsaintgermain.com\/de\/#website\"},\"datePublished\":\"2022-02-15T16:00:56+00:00\",\"dateModified\":\"2022-04-08T15:35:03+00:00\",\"description\":\"Die Dienstleistungen von Hotel Odeon Saint Germain. 24h Rezeption, Klimaanlage, kostenloses WLAN, Fr\u00fchst\u00fcck, Gep\u00e4ckaufbewahrung, Shuttlebusbahnhof oder Aeroport, Safe, \u00f6ffentlicher Parkplatz, Tiere\",\"breadcrumb\":{\"@id\":\"https:\/\/www.hotelparisodeonsaintgermain.com\/de\/unsere-dienstleistungen\/#breadcrumb\"},\"inLanguage\":\"de-DE\",\"potentialAction\":[{\"@type\":\"ReadAction\",\"target\":[\"https:\/\/www.hotelparisodeonsaintgermain.com\/de\/unsere-dienstleistungen\/\"]}]},{\"@type\":\"BreadcrumbList\",\"@id\":\"https:\/\/www.hotelparisodeonsaintgermain.com\/de\/unsere-dienstleistungen\/#breadcrumb\",\"itemListElement\":[{\"@type\":\"ListItem\",\"position\":1,\"name\":\"Home\",\"item\":\"https:\/\/www.hotelparisodeonsaintgermain.com\/de\/\"},{\"@type\":\"ListItem\",\"position\":2,\"name\":\"Unsere Dienstleistungen\"}]},{\"@type\":\"WebSite\",\"@id\":\"https:\/\/www.hotelparisodeonsaintgermain.com\/de\/#website\",\"url\":\"https:\/\/www.hotelparisodeonsaintgermain.com\/de\/\",\"name\":\"Hotel Odeon Saint Germain\",\"description\":\"\",\"potentialAction\":[{\"@type\":\"SearchAction\",\"target\":{\"@type\":\"EntryPoint\",\"urlTemplate\":\"https:\/\/www.hotelparisodeonsaintgermain.com\/de\/?s={search_term_string}\"},\"query-input\":{\"@type\":\"PropertyValueSpecification\",\"valueRequired\":true,\"valueName\":\"search_term_string\"}}],\"inLanguage\":\"de-DE\"}]}<\/script>\n<!-- \/ Yoast SEO plugin. -->","yoast_head_json":{"title":"Hotel Odeon Saint Germain Paris **** Offizielle Website - Unsere Dienstleistungen","description":"Die Dienstleistungen von Hotel Odeon Saint Germain. 24h Rezeption, Klimaanlage, kostenloses WLAN, Fr\u00fchst\u00fcck, Gep\u00e4ckaufbewahrung, Shuttlebusbahnhof oder Aeroport, Safe, \u00f6ffentlicher Parkplatz, Tiere","robots":{"index":"index","follow":"follow","max-snippet":"max-snippet:-1","max-image-preview":"max-image-preview:large","max-video-preview":"max-video-preview:-1"},"canonical":"https:\/\/www.hotelparisodeonsaintgermain.com\/de\/unsere-dienstleistungen\/","og_locale":"de_DE","og_type":"article","og_title":"Hotel Odeon Saint Germain Paris **** Offizielle Website - Unsere Dienstleistungen","og_description":"Die Dienstleistungen von Hotel Odeon Saint Germain. 24h Rezeption, Klimaanlage, kostenloses WLAN, Fr\u00fchst\u00fcck, Gep\u00e4ckaufbewahrung, Shuttlebusbahnhof oder Aeroport, Safe, \u00f6ffentlicher Parkplatz, Tiere","og_url":"https:\/\/www.hotelparisodeonsaintgermain.com\/de\/unsere-dienstleistungen\/","og_site_name":"Hotel Odeon Saint Germain","article_modified_time":"2022-04-08T15:35:03+00:00","twitter_card":"summary_large_image","twitter_misc":{"Gesch\u00e4tzte Lesezeit":"1 Minute"},"schema":{"@context":"https:\/\/schema.org","@graph":[{"@type":"WebPage","@id":"https:\/\/www.hotelparisodeonsaintgermain.com\/de\/unsere-dienstleistungen\/","url":"https:\/\/www.hotelparisodeonsaintgermain.com\/de\/unsere-dienstleistungen\/","name":"Hotel Odeon Saint Germain Paris **** Offizielle Website - Unsere Dienstleistungen","isPartOf":{"@id":"https:\/\/www.hotelparisodeonsaintgermain.com\/de\/#website"},"datePublished":"2022-02-15T16:00:56+00:00","dateModified":"2022-04-08T15:35:03+00:00","description":"Die Dienstleistungen von Hotel Odeon Saint Germain. 24h Rezeption, Klimaanlage, kostenloses WLAN, Fr\u00fchst\u00fcck, Gep\u00e4ckaufbewahrung, Shuttlebusbahnhof oder Aeroport, Safe, \u00f6ffentlicher Parkplatz, Tiere","breadcrumb":{"@id":"https:\/\/www.hotelparisodeonsaintgermain.com\/de\/unsere-dienstleistungen\/#breadcrumb"},"inLanguage":"de-DE","potentialAction":[{"@type":"ReadAction","target":["https:\/\/www.hotelparisodeonsaintgermain.com\/de\/unsere-dienstleistungen\/"]}]},{"@type":"BreadcrumbList","@id":"https:\/\/www.hotelparisodeonsaintgermain.com\/de\/unsere-dienstleistungen\/#breadcrumb","itemListElement":[{"@type":"ListItem","position":1,"name":"Home","item":"https:\/\/www.hotelparisodeonsaintgermain.com\/de\/"},{"@type":"ListItem","position":2,"name":"Unsere Dienstleistungen"}]},{"@type":"WebSite","@id":"https:\/\/www.hotelparisodeonsaintgermain.com\/de\/#website","url":"https:\/\/www.hotelparisodeonsaintgermain.com\/de\/","name":"Hotel Odeon Saint Germain","description":"","potentialAction":[{"@type":"SearchAction","target":{"@type":"EntryPoint","urlTemplate":"https:\/\/www.hotelparisodeonsaintgermain.com\/de\/?s={search_term_string}"},"query-input":{"@type":"PropertyValueSpecification","valueRequired":true,"valueName":"search_term_string"}}],"inLanguage":"de-DE"}]}},"acf":[],"_links":{"self":[{"href":"https:\/\/www.hotelparisodeonsaintgermain.com\/de\/wp-json\/wp\/v2\/pages\/397","targetHints":{"allow":["GET"]}}],"collection":[{"href":"https:\/\/www.hotelparisodeonsaintgermain.com\/de\/wp-json\/wp\/v2\/pages"}],"about":[{"href":"https:\/\/www.hotelparisodeonsaintgermain.com\/de\/wp-json\/wp\/v2\/types\/page"}],"author":[{"embeddable":true,"href":"https:\/\/www.hotelparisodeonsaintgermain.com\/de\/wp-json\/wp\/v2\/users\/46"}],"replies":[{"embeddable":true,"href":"https:\/\/www.hotelparisodeonsaintgermain.com\/de\/wp-json\/wp\/v2\/comments?post=397"}],"version-history":[{"count":0,"href":"https:\/\/www.hotelparisodeonsaintgermain.com\/de\/wp-json\/wp\/v2\/pages\/397\/revisions"}],"wp:attachment":[{"href":"https:\/\/www.hotelparisodeonsaintgermain.com\/de\/wp-json\/wp\/v2\/media?parent=397"}],"curies":[{"name":"wp","href":"https:\/\/api.w.org\/{rel}","templated":true}]}}