{"id":399,"date":"2022-02-15T16:12:09","date_gmt":"2022-02-15T16:12:09","guid":{"rendered":"https:\/\/odeon.ms.decms.eu\/ou-sommes-nous\/"},"modified":"2022-04-08T15:17:59","modified_gmt":"2022-04-08T15:17:59","slug":"lage","status":"publish","type":"page","link":"https:\/\/www.hotelparisodeonsaintgermain.com\/de\/lage\/","title":{"rendered":"Lage"},"content":{"rendered":"<p style=\"text-align: center;\">Im Herzen des <strong>historischen Paris<\/strong> befindet sich <strong>Odeon Saint Germain des Pr\u00e9s<\/strong>-Bezirks ideal, um Paris voll auszunutzen. In der N\u00e4he der<strong> Kais der Seine<\/strong> finden Sie <strong>prestigetr\u00e4chtige Gesch\u00e4fte, Restaurants<\/strong>, Theater, <strong>Museen<\/strong>, Denkm\u00e4ler und nat\u00fcrlich die sch\u00f6nen <strong>G\u00e4rten von Luxemburg<\/strong><\/p>\n<p style=\"text-align: center;\">Mit nahegelegenen <strong>U-Bahn-Linien, Bus- und Regionalz\u00fcgen<\/strong> k\u00f6nnen Sie sich leicht und schnell in Paris erreichen. <strong>Taxi-Hubs oder Self-Service-Fahrr\u00e4der<\/strong> sind ebenfalls nur einen kurzen Spaziergang entfernt.<\/p>\n<p style=\"text-align: center;\">Hier finden Sie einige Besuche, die wir rund um das Hotel empfehlen, z\u00f6gern Sie nicht, uns zu kontaktieren, wenn Sie gerne Empfehlungen <strong>oder helfen m\u00f6chten, Ihren Aufenthalt zu organisieren.<\/strong><\/p>\n<p style=\"text-align: center;\">Metro : Od\u00e9on<br \/>\nRER : Saint Michel<\/p>\n","protected":false},"excerpt":{"rendered":"<p>Im Herzen des historischen Paris befindet sich Odeon Saint Germain des Pr\u00e9s-Bezirks ideal, um Paris voll auszunutzen. In der N\u00e4he der Kais der Seine finden Sie prestigetr\u00e4chtige Gesch\u00e4fte, Restaurants, Theater, Museen, Denkm\u00e4ler und nat\u00fcrlich die sch\u00f6nen G\u00e4rten von Luxemburg Mit nahegelegenen U-Bahn-Linien, Bus- und Regionalz\u00fcgen k\u00f6nnen Sie sich leicht und schnell in Paris erreichen. Taxi-Hubs [&hellip;]<\/p>\n","protected":false},"author":46,"featured_media":0,"parent":0,"menu_order":40,"comment_status":"closed","ping_status":"closed","template":"template-location.php","meta":{"footnotes":""},"class_list":["post-399","page","type-page","status-publish","hentry"],"yoast_head":"<!-- This site is optimized with the Yoast SEO plugin v26.9 - https:\/\/yoast.com\/product\/yoast-seo-wordpress\/ -->\n<title>Hotel Odeon Saint Germain Paris **** Offizielle Website - Standort<\/title>\n<meta name=\"description\" content=\"Das Hotel Odeon Saint Germain befindet sich in der Innenstadt von Paris, in der N\u00e4he von Saint Germain des Pres, dem Garten von Luxemburg, dem Mus\u00e9e d&#039;Orsay, der Seine Docks von Notre Dame de Paris\" \/>\n<meta name=\"robots\" content=\"index, follow, max-snippet:-1, max-image-preview:large, max-video-preview:-1\" \/>\n<link rel=\"canonical\" href=\"https:\/\/www.hotelparisodeonsaintgermain.com\/de\/lage\/\" \/>\n<meta property=\"og:locale\" content=\"de_DE\" \/>\n<meta property=\"og:type\" content=\"article\" \/>\n<meta property=\"og:title\" content=\"Hotel Odeon Saint Germain Paris **** Offizielle Website - Standort\" \/>\n<meta property=\"og:description\" content=\"Das Hotel Odeon Saint Germain befindet sich in der Innenstadt von Paris, in der N\u00e4he von Saint Germain des Pres, dem Garten von Luxemburg, dem Mus\u00e9e d&#039;Orsay, der Seine Docks von Notre Dame de Paris\" \/>\n<meta property=\"og:url\" content=\"https:\/\/www.hotelparisodeonsaintgermain.com\/de\/lage\/\" \/>\n<meta property=\"og:site_name\" content=\"Hotel Odeon Saint Germain\" \/>\n<meta property=\"article:modified_time\" content=\"2022-04-08T15:17:59+00:00\" \/>\n<meta name=\"twitter:card\" content=\"summary_large_image\" \/>\n<meta name=\"twitter:label1\" content=\"Gesch\u00e4tzte Lesezeit\" \/>\n\t<meta name=\"twitter:data1\" content=\"1 Minute\" \/>\n<script type=\"application\/ld+json\" class=\"yoast-schema-graph\">{\"@context\":\"https:\/\/schema.org\",\"@graph\":[{\"@type\":\"WebPage\",\"@id\":\"https:\/\/www.hotelparisodeonsaintgermain.com\/de\/lage\/\",\"url\":\"https:\/\/www.hotelparisodeonsaintgermain.com\/de\/lage\/\",\"name\":\"Hotel Odeon Saint Germain Paris **** Offizielle Website - Standort\",\"isPartOf\":{\"@id\":\"https:\/\/www.hotelparisodeonsaintgermain.com\/de\/#website\"},\"datePublished\":\"2022-02-15T16:12:09+00:00\",\"dateModified\":\"2022-04-08T15:17:59+00:00\",\"description\":\"Das Hotel Odeon Saint Germain befindet sich in der Innenstadt von Paris, in der N\u00e4he von Saint Germain des Pres, dem Garten von Luxemburg, dem Mus\u00e9e d'Orsay, der Seine Docks von Notre Dame de Paris\",\"breadcrumb\":{\"@id\":\"https:\/\/www.hotelparisodeonsaintgermain.com\/de\/lage\/#breadcrumb\"},\"inLanguage\":\"de-DE\",\"potentialAction\":[{\"@type\":\"ReadAction\",\"target\":[\"https:\/\/www.hotelparisodeonsaintgermain.com\/de\/lage\/\"]}]},{\"@type\":\"BreadcrumbList\",\"@id\":\"https:\/\/www.hotelparisodeonsaintgermain.com\/de\/lage\/#breadcrumb\",\"itemListElement\":[{\"@type\":\"ListItem\",\"position\":1,\"name\":\"Home\",\"item\":\"https:\/\/www.hotelparisodeonsaintgermain.com\/de\/\"},{\"@type\":\"ListItem\",\"position\":2,\"name\":\"Lage\"}]},{\"@type\":\"WebSite\",\"@id\":\"https:\/\/www.hotelparisodeonsaintgermain.com\/de\/#website\",\"url\":\"https:\/\/www.hotelparisodeonsaintgermain.com\/de\/\",\"name\":\"Hotel Odeon Saint Germain\",\"description\":\"\",\"potentialAction\":[{\"@type\":\"SearchAction\",\"target\":{\"@type\":\"EntryPoint\",\"urlTemplate\":\"https:\/\/www.hotelparisodeonsaintgermain.com\/de\/?s={search_term_string}\"},\"query-input\":{\"@type\":\"PropertyValueSpecification\",\"valueRequired\":true,\"valueName\":\"search_term_string\"}}],\"inLanguage\":\"de-DE\"}]}<\/script>\n<!-- \/ Yoast SEO plugin. -->","yoast_head_json":{"title":"Hotel Odeon Saint Germain Paris **** Offizielle Website - Standort","description":"Das Hotel Odeon Saint Germain befindet sich in der Innenstadt von Paris, in der N\u00e4he von Saint Germain des Pres, dem Garten von Luxemburg, dem Mus\u00e9e d'Orsay, der Seine Docks von Notre Dame de Paris","robots":{"index":"index","follow":"follow","max-snippet":"max-snippet:-1","max-image-preview":"max-image-preview:large","max-video-preview":"max-video-preview:-1"},"canonical":"https:\/\/www.hotelparisodeonsaintgermain.com\/de\/lage\/","og_locale":"de_DE","og_type":"article","og_title":"Hotel Odeon Saint Germain Paris **** Offizielle Website - Standort","og_description":"Das Hotel Odeon Saint Germain befindet sich in der Innenstadt von Paris, in der N\u00e4he von Saint Germain des Pres, dem Garten von Luxemburg, dem Mus\u00e9e d'Orsay, der Seine Docks von Notre Dame de Paris","og_url":"https:\/\/www.hotelparisodeonsaintgermain.com\/de\/lage\/","og_site_name":"Hotel Odeon Saint Germain","article_modified_time":"2022-04-08T15:17:59+00:00","twitter_card":"summary_large_image","twitter_misc":{"Gesch\u00e4tzte Lesezeit":"1 Minute"},"schema":{"@context":"https:\/\/schema.org","@graph":[{"@type":"WebPage","@id":"https:\/\/www.hotelparisodeonsaintgermain.com\/de\/lage\/","url":"https:\/\/www.hotelparisodeonsaintgermain.com\/de\/lage\/","name":"Hotel Odeon Saint Germain Paris **** Offizielle Website - Standort","isPartOf":{"@id":"https:\/\/www.hotelparisodeonsaintgermain.com\/de\/#website"},"datePublished":"2022-02-15T16:12:09+00:00","dateModified":"2022-04-08T15:17:59+00:00","description":"Das Hotel Odeon Saint Germain befindet sich in der Innenstadt von Paris, in der N\u00e4he von Saint Germain des Pres, dem Garten von Luxemburg, dem Mus\u00e9e d'Orsay, der Seine Docks von Notre Dame de Paris","breadcrumb":{"@id":"https:\/\/www.hotelparisodeonsaintgermain.com\/de\/lage\/#breadcrumb"},"inLanguage":"de-DE","potentialAction":[{"@type":"ReadAction","target":["https:\/\/www.hotelparisodeonsaintgermain.com\/de\/lage\/"]}]},{"@type":"BreadcrumbList","@id":"https:\/\/www.hotelparisodeonsaintgermain.com\/de\/lage\/#breadcrumb","itemListElement":[{"@type":"ListItem","position":1,"name":"Home","item":"https:\/\/www.hotelparisodeonsaintgermain.com\/de\/"},{"@type":"ListItem","position":2,"name":"Lage"}]},{"@type":"WebSite","@id":"https:\/\/www.hotelparisodeonsaintgermain.com\/de\/#website","url":"https:\/\/www.hotelparisodeonsaintgermain.com\/de\/","name":"Hotel Odeon Saint Germain","description":"","potentialAction":[{"@type":"SearchAction","target":{"@type":"EntryPoint","urlTemplate":"https:\/\/www.hotelparisodeonsaintgermain.com\/de\/?s={search_term_string}"},"query-input":{"@type":"PropertyValueSpecification","valueRequired":true,"valueName":"search_term_string"}}],"inLanguage":"de-DE"}]}},"acf":[],"_links":{"self":[{"href":"https:\/\/www.hotelparisodeonsaintgermain.com\/de\/wp-json\/wp\/v2\/pages\/399","targetHints":{"allow":["GET"]}}],"collection":[{"href":"https:\/\/www.hotelparisodeonsaintgermain.com\/de\/wp-json\/wp\/v2\/pages"}],"about":[{"href":"https:\/\/www.hotelparisodeonsaintgermain.com\/de\/wp-json\/wp\/v2\/types\/page"}],"author":[{"embeddable":true,"href":"https:\/\/www.hotelparisodeonsaintgermain.com\/de\/wp-json\/wp\/v2\/users\/46"}],"replies":[{"embeddable":true,"href":"https:\/\/www.hotelparisodeonsaintgermain.com\/de\/wp-json\/wp\/v2\/comments?post=399"}],"version-history":[{"count":0,"href":"https:\/\/www.hotelparisodeonsaintgermain.com\/de\/wp-json\/wp\/v2\/pages\/399\/revisions"}],"wp:attachment":[{"href":"https:\/\/www.hotelparisodeonsaintgermain.com\/de\/wp-json\/wp\/v2\/media?parent=399"}],"curies":[{"name":"wp","href":"https:\/\/api.w.org\/{rel}","templated":true}]}}