{"id":225,"date":"2022-02-15T14:38:59","date_gmt":"2022-02-15T14:38:59","guid":{"rendered":"https:\/\/odeon.ms.decms.eu\/nos-chambres\/"},"modified":"2024-03-12T08:34:09","modified_gmt":"2024-03-12T08:34:09","slug":"nuestras-habitaciones","status":"publish","type":"page","link":"https:\/\/www.hotelparisodeonsaintgermain.com\/es\/nuestras-habitaciones\/","title":{"rendered":"Nuestras habitaciones"},"content":{"rendered":"<p style=\"text-align: center\">Nuestras habitaciones est\u00e1n equipadas con <strong>aire acondicionado, insonorizadas<\/strong> y cuentan con conexi\u00f3n <strong>WiFi<\/strong>. Pueden acomodar de una a 3 personas e incluso hasta <strong>6 personas<\/strong> para las habitaciones familiares.<\/p>\n<p style=\"text-align: center\">Sus puertas acolchadas tienen su n\u00famero escrito en <strong>n\u00fameros de oro tachonados<\/strong>.<br \/>\n<strong>Cuatro armon\u00edas de color<\/strong>. Camaieux de ciruela, gris beige, ocre dorado y naranja.<br \/>\nCortinas en <strong>seda salvaje<\/strong>.<br \/>\nFrescura de hojas blancas a rayas blancas en tono.<\/p>\n<p style=\"text-align: center\">Nuestros ba\u00f1os ofrecen<strong> ba\u00f1eras o duchas, encantadores azulejos en pasta de vidrio<\/strong>. Caf\u00e9 Mordore, caramelo ocre y sellador brillante gris.<br \/>\nLavabo blanco rodeado de <strong>granito negro de Zimbabwe<\/strong>.<br \/>\nProductos de recepci\u00f3n <strong>L&#8217;Occitane<\/strong>, espejo de cortes\u00eda y secador de pelo<br \/>\nLa habitaci\u00f3n # 39 ofrece un hammam privado, una ducha y la ba\u00f1era separadas.<\/p>\n<p style=\"text-align: center\">Todo lo que tienes que hacer es hacer tu elecci\u00f3n.<\/p>\n","protected":false},"excerpt":{"rendered":"<p>Nuestras habitaciones est\u00e1n equipadas con aire acondicionado, insonorizadas y cuentan con conexi\u00f3n WiFi. Pueden acomodar de una a 3 personas e incluso hasta 6 personas para las habitaciones familiares. Sus puertas acolchadas tienen su n\u00famero escrito en n\u00fameros de oro tachonados. Cuatro armon\u00edas de color. Camaieux de ciruela, gris beige, ocre dorado y naranja. Cortinas [&hellip;]<\/p>\n","protected":false},"author":46,"featured_media":0,"parent":0,"menu_order":20,"comment_status":"closed","ping_status":"closed","template":"template-rooms.php","meta":{"footnotes":""},"class_list":["post-225","page","type-page","status-publish","hentry"],"yoast_head":"<!-- This site is optimized with the Yoast SEO plugin v26.9 - https:\/\/yoast.com\/product\/yoast-seo-wordpress\/ -->\n<title>Hotel Odeon Saint Germain Paris **** Sitio web oficial - Nuestras habitaciones<\/title>\n<meta name=\"description\" content=\"Descubra nuestras habitaciones, que pueden alojar de 1 a 6 personas (Habitaci\u00f3n familiar). Aire acondicionado, insonorizaci\u00f3n, acceso a wifi, productos Occitane, ducha, ba\u00f1era o hammam.\" \/>\n<meta name=\"robots\" content=\"index, follow, max-snippet:-1, max-image-preview:large, max-video-preview:-1\" \/>\n<link rel=\"canonical\" href=\"https:\/\/www.hotelparisodeonsaintgermain.com\/es\/nuestras-habitaciones\/\" \/>\n<meta property=\"og:locale\" content=\"es_ES\" \/>\n<meta property=\"og:type\" content=\"article\" \/>\n<meta property=\"og:title\" content=\"Hotel Odeon Saint Germain Paris **** Sitio web oficial - Nuestras habitaciones\" \/>\n<meta property=\"og:description\" content=\"Descubra nuestras habitaciones, que pueden alojar de 1 a 6 personas (Habitaci\u00f3n familiar). Aire acondicionado, insonorizaci\u00f3n, acceso a wifi, productos Occitane, ducha, ba\u00f1era o hammam.\" \/>\n<meta property=\"og:url\" content=\"https:\/\/www.hotelparisodeonsaintgermain.com\/es\/nuestras-habitaciones\/\" \/>\n<meta property=\"og:site_name\" content=\"Hotel Odeon Saint Germain\" \/>\n<meta property=\"article:modified_time\" content=\"2024-03-12T08:34:09+00:00\" \/>\n<meta name=\"twitter:card\" content=\"summary_large_image\" \/>\n<meta name=\"twitter:label1\" content=\"Tiempo de lectura\" \/>\n\t<meta name=\"twitter:data1\" content=\"1 minuto\" \/>\n<script type=\"application\/ld+json\" class=\"yoast-schema-graph\">{\"@context\":\"https:\/\/schema.org\",\"@graph\":[{\"@type\":\"WebPage\",\"@id\":\"https:\/\/www.hotelparisodeonsaintgermain.com\/es\/nuestras-habitaciones\/\",\"url\":\"https:\/\/www.hotelparisodeonsaintgermain.com\/es\/nuestras-habitaciones\/\",\"name\":\"Hotel Odeon Saint Germain Paris **** Sitio web oficial - Nuestras habitaciones\",\"isPartOf\":{\"@id\":\"https:\/\/www.hotelparisodeonsaintgermain.com\/es\/#website\"},\"datePublished\":\"2022-02-15T14:38:59+00:00\",\"dateModified\":\"2024-03-12T08:34:09+00:00\",\"description\":\"Descubra nuestras habitaciones, que pueden alojar de 1 a 6 personas (Habitaci\u00f3n familiar). Aire acondicionado, insonorizaci\u00f3n, acceso a wifi, productos Occitane, ducha, ba\u00f1era o hammam.\",\"breadcrumb\":{\"@id\":\"https:\/\/www.hotelparisodeonsaintgermain.com\/es\/nuestras-habitaciones\/#breadcrumb\"},\"inLanguage\":\"es\",\"potentialAction\":[{\"@type\":\"ReadAction\",\"target\":[\"https:\/\/www.hotelparisodeonsaintgermain.com\/es\/nuestras-habitaciones\/\"]}]},{\"@type\":\"BreadcrumbList\",\"@id\":\"https:\/\/www.hotelparisodeonsaintgermain.com\/es\/nuestras-habitaciones\/#breadcrumb\",\"itemListElement\":[{\"@type\":\"ListItem\",\"position\":1,\"name\":\"Home\",\"item\":\"https:\/\/www.hotelparisodeonsaintgermain.com\/es\/\"},{\"@type\":\"ListItem\",\"position\":2,\"name\":\"Nuestras habitaciones\"}]},{\"@type\":\"WebSite\",\"@id\":\"https:\/\/www.hotelparisodeonsaintgermain.com\/es\/#website\",\"url\":\"https:\/\/www.hotelparisodeonsaintgermain.com\/es\/\",\"name\":\"Hotel Odeon Saint Germain\",\"description\":\"\",\"potentialAction\":[{\"@type\":\"SearchAction\",\"target\":{\"@type\":\"EntryPoint\",\"urlTemplate\":\"https:\/\/www.hotelparisodeonsaintgermain.com\/es\/?s={search_term_string}\"},\"query-input\":{\"@type\":\"PropertyValueSpecification\",\"valueRequired\":true,\"valueName\":\"search_term_string\"}}],\"inLanguage\":\"es\"}]}<\/script>\n<!-- \/ Yoast SEO plugin. -->","yoast_head_json":{"title":"Hotel Odeon Saint Germain Paris **** Sitio web oficial - Nuestras habitaciones","description":"Descubra nuestras habitaciones, que pueden alojar de 1 a 6 personas (Habitaci\u00f3n familiar). Aire acondicionado, insonorizaci\u00f3n, acceso a wifi, productos Occitane, ducha, ba\u00f1era o hammam.","robots":{"index":"index","follow":"follow","max-snippet":"max-snippet:-1","max-image-preview":"max-image-preview:large","max-video-preview":"max-video-preview:-1"},"canonical":"https:\/\/www.hotelparisodeonsaintgermain.com\/es\/nuestras-habitaciones\/","og_locale":"es_ES","og_type":"article","og_title":"Hotel Odeon Saint Germain Paris **** Sitio web oficial - Nuestras habitaciones","og_description":"Descubra nuestras habitaciones, que pueden alojar de 1 a 6 personas (Habitaci\u00f3n familiar). Aire acondicionado, insonorizaci\u00f3n, acceso a wifi, productos Occitane, ducha, ba\u00f1era o hammam.","og_url":"https:\/\/www.hotelparisodeonsaintgermain.com\/es\/nuestras-habitaciones\/","og_site_name":"Hotel Odeon Saint Germain","article_modified_time":"2024-03-12T08:34:09+00:00","twitter_card":"summary_large_image","twitter_misc":{"Tiempo de lectura":"1 minuto"},"schema":{"@context":"https:\/\/schema.org","@graph":[{"@type":"WebPage","@id":"https:\/\/www.hotelparisodeonsaintgermain.com\/es\/nuestras-habitaciones\/","url":"https:\/\/www.hotelparisodeonsaintgermain.com\/es\/nuestras-habitaciones\/","name":"Hotel Odeon Saint Germain Paris **** Sitio web oficial - Nuestras habitaciones","isPartOf":{"@id":"https:\/\/www.hotelparisodeonsaintgermain.com\/es\/#website"},"datePublished":"2022-02-15T14:38:59+00:00","dateModified":"2024-03-12T08:34:09+00:00","description":"Descubra nuestras habitaciones, que pueden alojar de 1 a 6 personas (Habitaci\u00f3n familiar). Aire acondicionado, insonorizaci\u00f3n, acceso a wifi, productos Occitane, ducha, ba\u00f1era o hammam.","breadcrumb":{"@id":"https:\/\/www.hotelparisodeonsaintgermain.com\/es\/nuestras-habitaciones\/#breadcrumb"},"inLanguage":"es","potentialAction":[{"@type":"ReadAction","target":["https:\/\/www.hotelparisodeonsaintgermain.com\/es\/nuestras-habitaciones\/"]}]},{"@type":"BreadcrumbList","@id":"https:\/\/www.hotelparisodeonsaintgermain.com\/es\/nuestras-habitaciones\/#breadcrumb","itemListElement":[{"@type":"ListItem","position":1,"name":"Home","item":"https:\/\/www.hotelparisodeonsaintgermain.com\/es\/"},{"@type":"ListItem","position":2,"name":"Nuestras habitaciones"}]},{"@type":"WebSite","@id":"https:\/\/www.hotelparisodeonsaintgermain.com\/es\/#website","url":"https:\/\/www.hotelparisodeonsaintgermain.com\/es\/","name":"Hotel Odeon Saint Germain","description":"","potentialAction":[{"@type":"SearchAction","target":{"@type":"EntryPoint","urlTemplate":"https:\/\/www.hotelparisodeonsaintgermain.com\/es\/?s={search_term_string}"},"query-input":{"@type":"PropertyValueSpecification","valueRequired":true,"valueName":"search_term_string"}}],"inLanguage":"es"}]}},"acf":[],"_links":{"self":[{"href":"https:\/\/www.hotelparisodeonsaintgermain.com\/es\/wp-json\/wp\/v2\/pages\/225","targetHints":{"allow":["GET"]}}],"collection":[{"href":"https:\/\/www.hotelparisodeonsaintgermain.com\/es\/wp-json\/wp\/v2\/pages"}],"about":[{"href":"https:\/\/www.hotelparisodeonsaintgermain.com\/es\/wp-json\/wp\/v2\/types\/page"}],"author":[{"embeddable":true,"href":"https:\/\/www.hotelparisodeonsaintgermain.com\/es\/wp-json\/wp\/v2\/users\/46"}],"replies":[{"embeddable":true,"href":"https:\/\/www.hotelparisodeonsaintgermain.com\/es\/wp-json\/wp\/v2\/comments?post=225"}],"version-history":[{"count":0,"href":"https:\/\/www.hotelparisodeonsaintgermain.com\/es\/wp-json\/wp\/v2\/pages\/225\/revisions"}],"wp:attachment":[{"href":"https:\/\/www.hotelparisodeonsaintgermain.com\/es\/wp-json\/wp\/v2\/media?parent=225"}],"curies":[{"name":"wp","href":"https:\/\/api.w.org\/{rel}","templated":true}]}}