{"id":227,"date":"2022-02-15T14:42:35","date_gmt":"2022-02-15T14:42:35","guid":{"rendered":"https:\/\/odeon.ms.decms.eu\/nuestras-habitaciones\/chambre-business-simple\/"},"modified":"2025-11-04T10:08:38","modified_gmt":"2025-11-04T10:08:38","slug":"habitacion-individual-business","status":"publish","type":"page","link":"https:\/\/www.hotelparisodeonsaintgermain.com\/es\/nuestras-habitaciones\/habitacion-individual-business\/","title":{"rendered":"Habitaci\u00f3n Individual \/ Business"},"content":{"rendered":"<p style=\"text-align: center\">Estas habitaciones<strong> agradables e insonorizadas<\/strong> tienen una decoraci\u00f3n elegante y c\u00e1lida para una estancia confortable a poca distancia a pie del Quartier lat\u00edn y de Saint-Germain-des-Pr\u00e9s. Est\u00e1n bien equipadas con todas las comodidades modernas, como conexi\u00f3n <strong>Wi-Fi gratuita, TV de pantalla plana y minibar<\/strong>.<\/p>\n","protected":false},"excerpt":{"rendered":"<p>Estas habitaciones agradables e insonorizadas tienen una decoraci\u00f3n elegante y c\u00e1lida para una estancia confortable a poca distancia a pie del Quartier lat\u00edn y de Saint-Germain-des-Pr\u00e9s. Est\u00e1n bien equipadas con todas las comodidades modernas, como conexi\u00f3n Wi-Fi gratuita, TV de pantalla plana y minibar.<\/p>\n","protected":false},"author":46,"featured_media":0,"parent":225,"menu_order":210,"comment_status":"closed","ping_status":"closed","template":"template-single-room.php","meta":{"footnotes":""},"class_list":["post-227","page","type-page","status-publish","hentry"],"yoast_head":"<!-- This site is optimized with the Yoast SEO plugin v26.9 - https:\/\/yoast.com\/product\/yoast-seo-wordpress\/ -->\n<title>Hotel Odeon Saint Germain Paris **** Sitio web oficial - Habitaci\u00f3n Individual \/ Business<\/title>\n<meta name=\"description\" content=\"Descubra nuestra Habitaci\u00f3nes Individuales, acomodando a 1 persona. Aire acondicionado, insonorizaci\u00f3n, acceso a WiFi, productos occitanos, ducha, ba\u00f1era.\" \/>\n<meta name=\"robots\" content=\"index, follow, max-snippet:-1, max-image-preview:large, max-video-preview:-1\" \/>\n<link rel=\"canonical\" href=\"https:\/\/www.hotelparisodeonsaintgermain.com\/es\/nuestras-habitaciones\/habitacion-individual-business\/\" \/>\n<meta property=\"og:locale\" content=\"es_ES\" \/>\n<meta property=\"og:type\" content=\"article\" \/>\n<meta property=\"og:title\" content=\"Hotel Odeon Saint Germain Paris **** Sitio web oficial - Habitaci\u00f3n Individual \/ Business\" \/>\n<meta property=\"og:description\" content=\"Descubra nuestra Habitaci\u00f3nes Individuales, acomodando a 1 persona. Aire acondicionado, insonorizaci\u00f3n, acceso a WiFi, productos occitanos, ducha, ba\u00f1era.\" \/>\n<meta property=\"og:url\" content=\"https:\/\/www.hotelparisodeonsaintgermain.com\/es\/nuestras-habitaciones\/habitacion-individual-business\/\" \/>\n<meta property=\"og:site_name\" content=\"Hotel Odeon Saint Germain\" \/>\n<meta property=\"article:modified_time\" content=\"2025-11-04T10:08:38+00:00\" \/>\n<meta name=\"twitter:card\" content=\"summary_large_image\" \/>\n<meta name=\"twitter:label1\" content=\"Tiempo de lectura\" \/>\n\t<meta name=\"twitter:data1\" content=\"1 minuto\" \/>\n<script type=\"application\/ld+json\" class=\"yoast-schema-graph\">{\"@context\":\"https:\/\/schema.org\",\"@graph\":[{\"@type\":\"WebPage\",\"@id\":\"https:\/\/www.hotelparisodeonsaintgermain.com\/es\/nuestras-habitaciones\/habitacion-individual-business\/\",\"url\":\"https:\/\/www.hotelparisodeonsaintgermain.com\/es\/nuestras-habitaciones\/habitacion-individual-business\/\",\"name\":\"Hotel Odeon Saint Germain Paris **** Sitio web oficial - Habitaci\u00f3n Individual \/ Business\",\"isPartOf\":{\"@id\":\"https:\/\/www.hotelparisodeonsaintgermain.com\/es\/#website\"},\"datePublished\":\"2022-02-15T14:42:35+00:00\",\"dateModified\":\"2025-11-04T10:08:38+00:00\",\"description\":\"Descubra nuestra Habitaci\u00f3nes Individuales, acomodando a 1 persona. Aire acondicionado, insonorizaci\u00f3n, acceso a WiFi, productos occitanos, ducha, ba\u00f1era.\",\"breadcrumb\":{\"@id\":\"https:\/\/www.hotelparisodeonsaintgermain.com\/es\/nuestras-habitaciones\/habitacion-individual-business\/#breadcrumb\"},\"inLanguage\":\"es\",\"potentialAction\":[{\"@type\":\"ReadAction\",\"target\":[\"https:\/\/www.hotelparisodeonsaintgermain.com\/es\/nuestras-habitaciones\/habitacion-individual-business\/\"]}]},{\"@type\":\"BreadcrumbList\",\"@id\":\"https:\/\/www.hotelparisodeonsaintgermain.com\/es\/nuestras-habitaciones\/habitacion-individual-business\/#breadcrumb\",\"itemListElement\":[{\"@type\":\"ListItem\",\"position\":1,\"name\":\"Home\",\"item\":\"https:\/\/www.hotelparisodeonsaintgermain.com\/es\/\"},{\"@type\":\"ListItem\",\"position\":2,\"name\":\"Nuestras habitaciones\",\"item\":\"https:\/\/www.hotelparisodeonsaintgermain.com\/es\/nuestras-habitaciones\/\"},{\"@type\":\"ListItem\",\"position\":3,\"name\":\"Habitaci\u00f3n Individual \/ Business\"}]},{\"@type\":\"WebSite\",\"@id\":\"https:\/\/www.hotelparisodeonsaintgermain.com\/es\/#website\",\"url\":\"https:\/\/www.hotelparisodeonsaintgermain.com\/es\/\",\"name\":\"Hotel Odeon Saint Germain\",\"description\":\"\",\"potentialAction\":[{\"@type\":\"SearchAction\",\"target\":{\"@type\":\"EntryPoint\",\"urlTemplate\":\"https:\/\/www.hotelparisodeonsaintgermain.com\/es\/?s={search_term_string}\"},\"query-input\":{\"@type\":\"PropertyValueSpecification\",\"valueRequired\":true,\"valueName\":\"search_term_string\"}}],\"inLanguage\":\"es\"}]}<\/script>\n<!-- \/ Yoast SEO plugin. -->","yoast_head_json":{"title":"Hotel Odeon Saint Germain Paris **** Sitio web oficial - Habitaci\u00f3n Individual \/ Business","description":"Descubra nuestra Habitaci\u00f3nes Individuales, acomodando a 1 persona. Aire acondicionado, insonorizaci\u00f3n, acceso a WiFi, productos occitanos, ducha, ba\u00f1era.","robots":{"index":"index","follow":"follow","max-snippet":"max-snippet:-1","max-image-preview":"max-image-preview:large","max-video-preview":"max-video-preview:-1"},"canonical":"https:\/\/www.hotelparisodeonsaintgermain.com\/es\/nuestras-habitaciones\/habitacion-individual-business\/","og_locale":"es_ES","og_type":"article","og_title":"Hotel Odeon Saint Germain Paris **** Sitio web oficial - Habitaci\u00f3n Individual \/ Business","og_description":"Descubra nuestra Habitaci\u00f3nes Individuales, acomodando a 1 persona. Aire acondicionado, insonorizaci\u00f3n, acceso a WiFi, productos occitanos, ducha, ba\u00f1era.","og_url":"https:\/\/www.hotelparisodeonsaintgermain.com\/es\/nuestras-habitaciones\/habitacion-individual-business\/","og_site_name":"Hotel Odeon Saint Germain","article_modified_time":"2025-11-04T10:08:38+00:00","twitter_card":"summary_large_image","twitter_misc":{"Tiempo de lectura":"1 minuto"},"schema":{"@context":"https:\/\/schema.org","@graph":[{"@type":"WebPage","@id":"https:\/\/www.hotelparisodeonsaintgermain.com\/es\/nuestras-habitaciones\/habitacion-individual-business\/","url":"https:\/\/www.hotelparisodeonsaintgermain.com\/es\/nuestras-habitaciones\/habitacion-individual-business\/","name":"Hotel Odeon Saint Germain Paris **** Sitio web oficial - Habitaci\u00f3n Individual \/ Business","isPartOf":{"@id":"https:\/\/www.hotelparisodeonsaintgermain.com\/es\/#website"},"datePublished":"2022-02-15T14:42:35+00:00","dateModified":"2025-11-04T10:08:38+00:00","description":"Descubra nuestra Habitaci\u00f3nes Individuales, acomodando a 1 persona. Aire acondicionado, insonorizaci\u00f3n, acceso a WiFi, productos occitanos, ducha, ba\u00f1era.","breadcrumb":{"@id":"https:\/\/www.hotelparisodeonsaintgermain.com\/es\/nuestras-habitaciones\/habitacion-individual-business\/#breadcrumb"},"inLanguage":"es","potentialAction":[{"@type":"ReadAction","target":["https:\/\/www.hotelparisodeonsaintgermain.com\/es\/nuestras-habitaciones\/habitacion-individual-business\/"]}]},{"@type":"BreadcrumbList","@id":"https:\/\/www.hotelparisodeonsaintgermain.com\/es\/nuestras-habitaciones\/habitacion-individual-business\/#breadcrumb","itemListElement":[{"@type":"ListItem","position":1,"name":"Home","item":"https:\/\/www.hotelparisodeonsaintgermain.com\/es\/"},{"@type":"ListItem","position":2,"name":"Nuestras habitaciones","item":"https:\/\/www.hotelparisodeonsaintgermain.com\/es\/nuestras-habitaciones\/"},{"@type":"ListItem","position":3,"name":"Habitaci\u00f3n Individual \/ Business"}]},{"@type":"WebSite","@id":"https:\/\/www.hotelparisodeonsaintgermain.com\/es\/#website","url":"https:\/\/www.hotelparisodeonsaintgermain.com\/es\/","name":"Hotel Odeon Saint Germain","description":"","potentialAction":[{"@type":"SearchAction","target":{"@type":"EntryPoint","urlTemplate":"https:\/\/www.hotelparisodeonsaintgermain.com\/es\/?s={search_term_string}"},"query-input":{"@type":"PropertyValueSpecification","valueRequired":true,"valueName":"search_term_string"}}],"inLanguage":"es"}]}},"acf":[],"_links":{"self":[{"href":"https:\/\/www.hotelparisodeonsaintgermain.com\/es\/wp-json\/wp\/v2\/pages\/227","targetHints":{"allow":["GET"]}}],"collection":[{"href":"https:\/\/www.hotelparisodeonsaintgermain.com\/es\/wp-json\/wp\/v2\/pages"}],"about":[{"href":"https:\/\/www.hotelparisodeonsaintgermain.com\/es\/wp-json\/wp\/v2\/types\/page"}],"author":[{"embeddable":true,"href":"https:\/\/www.hotelparisodeonsaintgermain.com\/es\/wp-json\/wp\/v2\/users\/46"}],"replies":[{"embeddable":true,"href":"https:\/\/www.hotelparisodeonsaintgermain.com\/es\/wp-json\/wp\/v2\/comments?post=227"}],"version-history":[{"count":0,"href":"https:\/\/www.hotelparisodeonsaintgermain.com\/es\/wp-json\/wp\/v2\/pages\/227\/revisions"}],"up":[{"embeddable":true,"href":"https:\/\/www.hotelparisodeonsaintgermain.com\/es\/wp-json\/wp\/v2\/pages\/225"}],"wp:attachment":[{"href":"https:\/\/www.hotelparisodeonsaintgermain.com\/es\/wp-json\/wp\/v2\/media?parent=227"}],"curies":[{"name":"wp","href":"https:\/\/api.w.org\/{rel}","templated":true}]}}