{"id":236,"date":"2022-02-15T15:13:57","date_gmt":"2022-02-15T15:13:57","guid":{"rendered":"https:\/\/odeon.ms.decms.eu\/nuestras-habitaciones\/deluxe-triple-room\/"},"modified":"2025-11-04T10:28:59","modified_gmt":"2025-11-04T10:28:59","slug":"habitacion-triple-deluxe","status":"publish","type":"page","link":"https:\/\/www.hotelparisodeonsaintgermain.com\/es\/nuestras-habitaciones\/habitacion-triple-deluxe\/","title":{"rendered":"Habitaci\u00f3n Triple Deluxe"},"content":{"rendered":"<p style=\"text-align: center\">Estas <strong>espaciosas habitaciones triples<\/strong> est\u00e1n equipadas con una <strong>cama doble muy c\u00f3moda y una cama individual<\/strong>, o <strong>tres camas individuales<\/strong>, lo que las hace ideales para <strong>familias o amigos<\/strong> que viajan juntos. Nuestra <strong>magn\u00edfica decoraci\u00f3n de dise\u00f1o creada por Jacques Garcia<\/strong> se casa con colores c\u00e1lidos, iluminaci\u00f3n indirecta, muebles de estilo antiguo y hermosas telas para un ambiente rom\u00e1ntico. Tenga una buena noche de sue\u00f1o en el coraz\u00f3n de Saint-Germain-des-Pr\u00e9s, en una de nuestras elegantes y refinadas habitaciones triples. <strong>Nuestros ba\u00f1os privados con superficies de m\u00e1rmol y elementos de estilo retro<\/strong> son agradables y elegantes. Disfruta de nuestros productos de ba\u00f1o de marca <strong>L&#8217;Occitane<\/strong>.<\/p>\n","protected":false},"excerpt":{"rendered":"<p>Estas espaciosas habitaciones triples est\u00e1n equipadas con una cama doble muy c\u00f3moda y una cama individual, o tres camas individuales, lo que las hace ideales para familias o amigos que viajan juntos. Nuestra magn\u00edfica decoraci\u00f3n de dise\u00f1o creada por Jacques Garcia se casa con colores c\u00e1lidos, iluminaci\u00f3n indirecta, muebles de estilo antiguo y hermosas telas [&hellip;]<\/p>\n","protected":false},"author":46,"featured_media":0,"parent":225,"menu_order":250,"comment_status":"closed","ping_status":"closed","template":"template-single-room.php","meta":{"footnotes":""},"class_list":["post-236","page","type-page","status-publish","hentry"],"yoast_head":"<!-- This site is optimized with the Yoast SEO plugin v26.9 - https:\/\/yoast.com\/product\/yoast-seo-wordpress\/ -->\n<title>Hotel Odeon Saint Germain Paris **** Sitio web oficial - Habitaci\u00f3n Triple Deluxe<\/title>\n<meta name=\"description\" content=\"Descubra nuestras habitaciones Deluxe triples, alojando hasta 3 personas. Aire acondicionado, Insonorizaci\u00f3n, Acceso a WiFi, Productos Occitanos, Ba\u00f1o de Ducha\" \/>\n<meta name=\"robots\" content=\"index, follow, max-snippet:-1, max-image-preview:large, max-video-preview:-1\" \/>\n<link rel=\"canonical\" href=\"https:\/\/www.hotelparisodeonsaintgermain.com\/es\/nuestras-habitaciones\/habitacion-triple-deluxe\/\" \/>\n<meta property=\"og:locale\" content=\"es_ES\" \/>\n<meta property=\"og:type\" content=\"article\" \/>\n<meta property=\"og:title\" content=\"Hotel Odeon Saint Germain Paris **** Sitio web oficial - Habitaci\u00f3n Triple Deluxe\" \/>\n<meta property=\"og:description\" content=\"Descubra nuestras habitaciones Deluxe triples, alojando hasta 3 personas. Aire acondicionado, Insonorizaci\u00f3n, Acceso a WiFi, Productos Occitanos, Ba\u00f1o de Ducha\" \/>\n<meta property=\"og:url\" content=\"https:\/\/www.hotelparisodeonsaintgermain.com\/es\/nuestras-habitaciones\/habitacion-triple-deluxe\/\" \/>\n<meta property=\"og:site_name\" content=\"Hotel Odeon Saint Germain\" \/>\n<meta property=\"article:modified_time\" content=\"2025-11-04T10:28:59+00:00\" \/>\n<meta name=\"twitter:card\" content=\"summary_large_image\" \/>\n<meta name=\"twitter:label1\" content=\"Tiempo de lectura\" \/>\n\t<meta name=\"twitter:data1\" content=\"1 minuto\" \/>\n<script type=\"application\/ld+json\" class=\"yoast-schema-graph\">{\"@context\":\"https:\/\/schema.org\",\"@graph\":[{\"@type\":\"WebPage\",\"@id\":\"https:\/\/www.hotelparisodeonsaintgermain.com\/es\/nuestras-habitaciones\/habitacion-triple-deluxe\/\",\"url\":\"https:\/\/www.hotelparisodeonsaintgermain.com\/es\/nuestras-habitaciones\/habitacion-triple-deluxe\/\",\"name\":\"Hotel Odeon Saint Germain Paris **** Sitio web oficial - Habitaci\u00f3n Triple Deluxe\",\"isPartOf\":{\"@id\":\"https:\/\/www.hotelparisodeonsaintgermain.com\/es\/#website\"},\"datePublished\":\"2022-02-15T15:13:57+00:00\",\"dateModified\":\"2025-11-04T10:28:59+00:00\",\"description\":\"Descubra nuestras habitaciones Deluxe triples, alojando hasta 3 personas. Aire acondicionado, Insonorizaci\u00f3n, Acceso a WiFi, Productos Occitanos, Ba\u00f1o de Ducha\",\"breadcrumb\":{\"@id\":\"https:\/\/www.hotelparisodeonsaintgermain.com\/es\/nuestras-habitaciones\/habitacion-triple-deluxe\/#breadcrumb\"},\"inLanguage\":\"es\",\"potentialAction\":[{\"@type\":\"ReadAction\",\"target\":[\"https:\/\/www.hotelparisodeonsaintgermain.com\/es\/nuestras-habitaciones\/habitacion-triple-deluxe\/\"]}]},{\"@type\":\"BreadcrumbList\",\"@id\":\"https:\/\/www.hotelparisodeonsaintgermain.com\/es\/nuestras-habitaciones\/habitacion-triple-deluxe\/#breadcrumb\",\"itemListElement\":[{\"@type\":\"ListItem\",\"position\":1,\"name\":\"Home\",\"item\":\"https:\/\/www.hotelparisodeonsaintgermain.com\/es\/\"},{\"@type\":\"ListItem\",\"position\":2,\"name\":\"Nuestras habitaciones\",\"item\":\"https:\/\/www.hotelparisodeonsaintgermain.com\/es\/nuestras-habitaciones\/\"},{\"@type\":\"ListItem\",\"position\":3,\"name\":\"Habitaci\u00f3n Triple Deluxe\"}]},{\"@type\":\"WebSite\",\"@id\":\"https:\/\/www.hotelparisodeonsaintgermain.com\/es\/#website\",\"url\":\"https:\/\/www.hotelparisodeonsaintgermain.com\/es\/\",\"name\":\"Hotel Odeon Saint Germain\",\"description\":\"\",\"potentialAction\":[{\"@type\":\"SearchAction\",\"target\":{\"@type\":\"EntryPoint\",\"urlTemplate\":\"https:\/\/www.hotelparisodeonsaintgermain.com\/es\/?s={search_term_string}\"},\"query-input\":{\"@type\":\"PropertyValueSpecification\",\"valueRequired\":true,\"valueName\":\"search_term_string\"}}],\"inLanguage\":\"es\"}]}<\/script>\n<!-- \/ Yoast SEO plugin. -->","yoast_head_json":{"title":"Hotel Odeon Saint Germain Paris **** Sitio web oficial - Habitaci\u00f3n Triple Deluxe","description":"Descubra nuestras habitaciones Deluxe triples, alojando hasta 3 personas. Aire acondicionado, Insonorizaci\u00f3n, Acceso a WiFi, Productos Occitanos, Ba\u00f1o de Ducha","robots":{"index":"index","follow":"follow","max-snippet":"max-snippet:-1","max-image-preview":"max-image-preview:large","max-video-preview":"max-video-preview:-1"},"canonical":"https:\/\/www.hotelparisodeonsaintgermain.com\/es\/nuestras-habitaciones\/habitacion-triple-deluxe\/","og_locale":"es_ES","og_type":"article","og_title":"Hotel Odeon Saint Germain Paris **** Sitio web oficial - Habitaci\u00f3n Triple Deluxe","og_description":"Descubra nuestras habitaciones Deluxe triples, alojando hasta 3 personas. Aire acondicionado, Insonorizaci\u00f3n, Acceso a WiFi, Productos Occitanos, Ba\u00f1o de Ducha","og_url":"https:\/\/www.hotelparisodeonsaintgermain.com\/es\/nuestras-habitaciones\/habitacion-triple-deluxe\/","og_site_name":"Hotel Odeon Saint Germain","article_modified_time":"2025-11-04T10:28:59+00:00","twitter_card":"summary_large_image","twitter_misc":{"Tiempo de lectura":"1 minuto"},"schema":{"@context":"https:\/\/schema.org","@graph":[{"@type":"WebPage","@id":"https:\/\/www.hotelparisodeonsaintgermain.com\/es\/nuestras-habitaciones\/habitacion-triple-deluxe\/","url":"https:\/\/www.hotelparisodeonsaintgermain.com\/es\/nuestras-habitaciones\/habitacion-triple-deluxe\/","name":"Hotel Odeon Saint Germain Paris **** Sitio web oficial - Habitaci\u00f3n Triple Deluxe","isPartOf":{"@id":"https:\/\/www.hotelparisodeonsaintgermain.com\/es\/#website"},"datePublished":"2022-02-15T15:13:57+00:00","dateModified":"2025-11-04T10:28:59+00:00","description":"Descubra nuestras habitaciones Deluxe triples, alojando hasta 3 personas. Aire acondicionado, Insonorizaci\u00f3n, Acceso a WiFi, Productos Occitanos, Ba\u00f1o de Ducha","breadcrumb":{"@id":"https:\/\/www.hotelparisodeonsaintgermain.com\/es\/nuestras-habitaciones\/habitacion-triple-deluxe\/#breadcrumb"},"inLanguage":"es","potentialAction":[{"@type":"ReadAction","target":["https:\/\/www.hotelparisodeonsaintgermain.com\/es\/nuestras-habitaciones\/habitacion-triple-deluxe\/"]}]},{"@type":"BreadcrumbList","@id":"https:\/\/www.hotelparisodeonsaintgermain.com\/es\/nuestras-habitaciones\/habitacion-triple-deluxe\/#breadcrumb","itemListElement":[{"@type":"ListItem","position":1,"name":"Home","item":"https:\/\/www.hotelparisodeonsaintgermain.com\/es\/"},{"@type":"ListItem","position":2,"name":"Nuestras habitaciones","item":"https:\/\/www.hotelparisodeonsaintgermain.com\/es\/nuestras-habitaciones\/"},{"@type":"ListItem","position":3,"name":"Habitaci\u00f3n Triple Deluxe"}]},{"@type":"WebSite","@id":"https:\/\/www.hotelparisodeonsaintgermain.com\/es\/#website","url":"https:\/\/www.hotelparisodeonsaintgermain.com\/es\/","name":"Hotel Odeon Saint Germain","description":"","potentialAction":[{"@type":"SearchAction","target":{"@type":"EntryPoint","urlTemplate":"https:\/\/www.hotelparisodeonsaintgermain.com\/es\/?s={search_term_string}"},"query-input":{"@type":"PropertyValueSpecification","valueRequired":true,"valueName":"search_term_string"}}],"inLanguage":"es"}]}},"acf":[],"_links":{"self":[{"href":"https:\/\/www.hotelparisodeonsaintgermain.com\/es\/wp-json\/wp\/v2\/pages\/236","targetHints":{"allow":["GET"]}}],"collection":[{"href":"https:\/\/www.hotelparisodeonsaintgermain.com\/es\/wp-json\/wp\/v2\/pages"}],"about":[{"href":"https:\/\/www.hotelparisodeonsaintgermain.com\/es\/wp-json\/wp\/v2\/types\/page"}],"author":[{"embeddable":true,"href":"https:\/\/www.hotelparisodeonsaintgermain.com\/es\/wp-json\/wp\/v2\/users\/46"}],"replies":[{"embeddable":true,"href":"https:\/\/www.hotelparisodeonsaintgermain.com\/es\/wp-json\/wp\/v2\/comments?post=236"}],"version-history":[{"count":0,"href":"https:\/\/www.hotelparisodeonsaintgermain.com\/es\/wp-json\/wp\/v2\/pages\/236\/revisions"}],"up":[{"embeddable":true,"href":"https:\/\/www.hotelparisodeonsaintgermain.com\/es\/wp-json\/wp\/v2\/pages\/225"}],"wp:attachment":[{"href":"https:\/\/www.hotelparisodeonsaintgermain.com\/es\/wp-json\/wp\/v2\/media?parent=236"}],"curies":[{"name":"wp","href":"https:\/\/api.w.org\/{rel}","templated":true}]}}